{"id":2938,"date":"2021-06-10T14:24:28","date_gmt":"2021-06-10T12:24:28","guid":{"rendered":"https:\/\/boegebjergstrandbedbreakfast.dk\/rooms\/"},"modified":"2025-03-10T11:08:58","modified_gmt":"2025-03-10T10:08:58","slug":"rooms","status":"publish","type":"page","link":"https:\/\/boegebjergstrandbedbreakfast.dk\/en\/rooms\/","title":{"rendered":"Rooms"},"content":{"rendered":"<section class=\"wpb-content-wrapper\"><p>[vc_row full_width=&#8221;stretch_row&#8221;][vc_column]<div class=\"ult-spacer spacer-6a0904e79be2e\" data-id=\"6a0904e79be2e\" data-height=\"90\" data-height-mobile=\"60\" data-height-tab=\"90\" data-height-tab-portrait=\"60\" data-height-mobile-landscape=\"60\" style=\"clear:both;display:block;\"><\/div>[vc_row_inner][vc_column_inner width=&#8221;1\/6&#8243;][\/vc_column_inner][vc_column_inner width=&#8221;2\/3&#8243;][vc_column_text]<\/p>\n<h2 style=\"text-align: center;\">Cozy and idyllic close to the water<\/h2>\n<p style=\"text-align: center;\">With your own entrance, you have your own separate part of the house with 1 or 2 bedrooms, bathroom and living room with a wood-burning stove and direct access to the garden. In the garden, you can enjoy the view and silence in the hammock and hanging chair under the apple trees. From the bedrooms there are views of B\u00f8gebjerg Strand, Roms\u00f8sund and, further out, the island of Roms\u00f8.<\/p>\n<h3 style=\"text-align: center;\">The beach room<\/h3>\n<p style=\"text-align: center;\">The Beach Room (25 m2) is a bright and lovely double room on the ground floor with the option of an extra bed. Price from DKK 1050 incl. breakfast.<\/p>\n<h3 style=\"text-align: center;\">The red room<\/h3>\n<p style=\"text-align: center;\">The red room located on the 1st floor. (15 m2) cozy with sloping walls. Price from DKK 950 incl. breakfast.<\/p>\n<p style=\"text-align: center;\">Weather permitting, breakfast can be served in the garden.<\/p>\n<p style=\"text-align: center;\">The rooms can be rented together for friends or family or just the Beach Room. It is possible to make your own coffee\/tea.<\/p>\n<p>[\/vc_column_text][\/vc_column_inner][vc_column_inner width=&#8221;1\/6&#8243;][\/vc_column_inner][\/vc_row_inner][vc_empty_space height=&#8221;60px&#8221;][vc_media_grid gap=&#8221;30&#8243; grid_id=&#8221;vc_gid:1692017149166-3a995348-c65a-6&#8243; include=&#8221;2737,2802,2739,2741,2789,2790,2893,2895,2896,2898,2903,2897,2930,2929,2928&#8243;]<div class=\"ult-spacer spacer-6a0904e79be6f\" data-id=\"6a0904e79be6f\" data-height=\"90\" data-height-mobile=\"60\" data-height-tab=\"90\" data-height-tab-portrait=\"60\" data-height-mobile-landscape=\"60\" style=\"clear:both;display:block;\"><\/div>[\/vc_column][\/vc_row]<\/p>\n<\/section>","protected":false},"excerpt":{"rendered":"<p>[vc_row full_width=&#8221;stretch_row&#8221;][vc_column][vc_row_inner][vc_column_inner width=&#8221;1\/6&#8243;][\/vc_column_inner][vc_column_inner width=&#8221;2\/3&#8243;][vc_column_text] Cozy and idyllic close to the water With your own entrance, you have your own separate part of the house with 1 or 2 bedrooms, bathroom and living room with a wood-burning stove and direct access to the garden. In the garden, you can enjoy the view and silence in the &#8230; <a title=\"Rooms\" class=\"read-more\" href=\"https:\/\/boegebjergstrandbedbreakfast.dk\/en\/rooms\/\" aria-label=\"More on Rooms\">Read more<\/a><\/p>\n","protected":false},"author":1,"featured_media":0,"parent":0,"menu_order":1,"comment_status":"closed","ping_status":"closed","template":"","meta":{"_acf_changed":false,"footnotes":""},"categories":[],"class_list":["post-2938","page","type-page","status-publish"],"acf":[],"yoast_head":"<!-- This site is optimized with the Yoast SEO plugin v27.6 - https:\/\/yoast.com\/product\/yoast-seo-wordpress\/ -->\n<title>Rooms &#183; B\u00f8gebjerg Strand Bed &amp; Breakfast<\/title>\n<meta name=\"robots\" content=\"index, follow, max-snippet:-1, max-image-preview:large, max-video-preview:-1\" \/>\n<link rel=\"canonical\" href=\"https:\/\/boegebjergstrandbedbreakfast.dk\/en\/rooms\/\" \/>\n<meta property=\"og:locale\" content=\"en_US\" \/>\n<meta property=\"og:type\" content=\"article\" \/>\n<meta property=\"og:title\" content=\"Rooms &#183; B\u00f8gebjerg Strand Bed &amp; Breakfast\" \/>\n<meta property=\"og:description\" content=\"[vc_row full_width=&#8221;stretch_row&#8221;][vc_column][vc_row_inner][vc_column_inner width=&#8221;1\/6&#8243;][\/vc_column_inner][vc_column_inner width=&#8221;2\/3&#8243;][vc_column_text] Cozy and idyllic close to the water With your own entrance, you have your own separate part of the house with 1 or 2 bedrooms, bathroom and living room with a wood-burning stove and direct access to the garden. In the garden, you can enjoy the view and silence in the ... Read more\" \/>\n<meta property=\"og:url\" content=\"https:\/\/boegebjergstrandbedbreakfast.dk\/en\/rooms\/\" \/>\n<meta property=\"og:site_name\" content=\"B\u00f8gebjerg Strand Bed &amp; Breakfast\" \/>\n<meta property=\"article:modified_time\" content=\"2025-03-10T10:08:58+00:00\" \/>\n<meta name=\"twitter:card\" content=\"summary_large_image\" \/>\n<meta name=\"twitter:label1\" content=\"Est. reading time\" \/>\n\t<meta name=\"twitter:data1\" content=\"1 minute\" \/>\n<script type=\"application\/ld+json\" class=\"yoast-schema-graph\">{\"@context\":\"https:\\\/\\\/schema.org\",\"@graph\":[{\"@type\":\"WebPage\",\"@id\":\"https:\\\/\\\/boegebjergstrandbedbreakfast.dk\\\/en\\\/rooms\\\/\",\"url\":\"https:\\\/\\\/boegebjergstrandbedbreakfast.dk\\\/en\\\/rooms\\\/\",\"name\":\"Rooms &#183; B\u00f8gebjerg Strand Bed &amp; Breakfast\",\"isPartOf\":{\"@id\":\"https:\\\/\\\/boegebjergstrandbedbreakfast.dk\\\/en\\\/#website\"},\"datePublished\":\"2021-06-10T12:24:28+00:00\",\"dateModified\":\"2025-03-10T10:08:58+00:00\",\"breadcrumb\":{\"@id\":\"https:\\\/\\\/boegebjergstrandbedbreakfast.dk\\\/en\\\/rooms\\\/#breadcrumb\"},\"inLanguage\":\"en-US\",\"potentialAction\":[{\"@type\":\"ReadAction\",\"target\":[\"https:\\\/\\\/boegebjergstrandbedbreakfast.dk\\\/en\\\/rooms\\\/\"]}]},{\"@type\":\"BreadcrumbList\",\"@id\":\"https:\\\/\\\/boegebjergstrandbedbreakfast.dk\\\/en\\\/rooms\\\/#breadcrumb\",\"itemListElement\":[{\"@type\":\"ListItem\",\"position\":1,\"name\":\"Hjem\",\"item\":\"https:\\\/\\\/boegebjergstrandbedbreakfast.dk\\\/en\\\/home-page\\\/\"},{\"@type\":\"ListItem\",\"position\":2,\"name\":\"Rooms\"}]},{\"@type\":\"WebSite\",\"@id\":\"https:\\\/\\\/boegebjergstrandbedbreakfast.dk\\\/en\\\/#website\",\"url\":\"https:\\\/\\\/boegebjergstrandbedbreakfast.dk\\\/en\\\/\",\"name\":\"B\u00f8gebjerg Strand Bed &amp; Breakfast\",\"description\":\"B&amp;B n\u00e6r Kerteminde p\u00e5 Fyn\",\"publisher\":{\"@id\":\"https:\\\/\\\/boegebjergstrandbedbreakfast.dk\\\/en\\\/#organization\"},\"potentialAction\":[{\"@type\":\"SearchAction\",\"target\":{\"@type\":\"EntryPoint\",\"urlTemplate\":\"https:\\\/\\\/boegebjergstrandbedbreakfast.dk\\\/en\\\/?s={search_term_string}\"},\"query-input\":{\"@type\":\"PropertyValueSpecification\",\"valueRequired\":true,\"valueName\":\"search_term_string\"}}],\"inLanguage\":\"en-US\"},{\"@type\":\"Organization\",\"@id\":\"https:\\\/\\\/boegebjergstrandbedbreakfast.dk\\\/en\\\/#organization\",\"name\":\"B\u00f8gebjerg Strand Bed &amp; Breakfast\",\"url\":\"https:\\\/\\\/boegebjergstrandbedbreakfast.dk\\\/en\\\/\",\"logo\":{\"@type\":\"ImageObject\",\"inLanguage\":\"en-US\",\"@id\":\"https:\\\/\\\/boegebjergstrandbedbreakfast.dk\\\/en\\\/#\\\/schema\\\/logo\\\/image\\\/\",\"url\":\"https:\\\/\\\/boegebjergstrandbedbreakfast.dk\\\/wp-content\\\/uploads\\\/2021\\\/06\\\/logo.svg\",\"contentUrl\":\"https:\\\/\\\/boegebjergstrandbedbreakfast.dk\\\/wp-content\\\/uploads\\\/2021\\\/06\\\/logo.svg\",\"width\":586,\"height\":93,\"caption\":\"B\u00f8gebjerg Strand Bed &amp; Breakfast\"},\"image\":{\"@id\":\"https:\\\/\\\/boegebjergstrandbedbreakfast.dk\\\/en\\\/#\\\/schema\\\/logo\\\/image\\\/\"}}]}<\/script>\n<!-- \/ Yoast SEO plugin. -->","yoast_head_json":{"title":"Rooms &#183; B\u00f8gebjerg Strand Bed &amp; Breakfast","robots":{"index":"index","follow":"follow","max-snippet":"max-snippet:-1","max-image-preview":"max-image-preview:large","max-video-preview":"max-video-preview:-1"},"canonical":"https:\/\/boegebjergstrandbedbreakfast.dk\/en\/rooms\/","og_locale":"en_US","og_type":"article","og_title":"Rooms &#183; B\u00f8gebjerg Strand Bed &amp; Breakfast","og_description":"[vc_row full_width=&#8221;stretch_row&#8221;][vc_column][vc_row_inner][vc_column_inner width=&#8221;1\/6&#8243;][\/vc_column_inner][vc_column_inner width=&#8221;2\/3&#8243;][vc_column_text] Cozy and idyllic close to the water With your own entrance, you have your own separate part of the house with 1 or 2 bedrooms, bathroom and living room with a wood-burning stove and direct access to the garden. In the garden, you can enjoy the view and silence in the ... Read more","og_url":"https:\/\/boegebjergstrandbedbreakfast.dk\/en\/rooms\/","og_site_name":"B\u00f8gebjerg Strand Bed &amp; Breakfast","article_modified_time":"2025-03-10T10:08:58+00:00","twitter_card":"summary_large_image","twitter_misc":{"Est. reading time":"1 minute"},"schema":{"@context":"https:\/\/schema.org","@graph":[{"@type":"WebPage","@id":"https:\/\/boegebjergstrandbedbreakfast.dk\/en\/rooms\/","url":"https:\/\/boegebjergstrandbedbreakfast.dk\/en\/rooms\/","name":"Rooms &#183; B\u00f8gebjerg Strand Bed &amp; Breakfast","isPartOf":{"@id":"https:\/\/boegebjergstrandbedbreakfast.dk\/en\/#website"},"datePublished":"2021-06-10T12:24:28+00:00","dateModified":"2025-03-10T10:08:58+00:00","breadcrumb":{"@id":"https:\/\/boegebjergstrandbedbreakfast.dk\/en\/rooms\/#breadcrumb"},"inLanguage":"en-US","potentialAction":[{"@type":"ReadAction","target":["https:\/\/boegebjergstrandbedbreakfast.dk\/en\/rooms\/"]}]},{"@type":"BreadcrumbList","@id":"https:\/\/boegebjergstrandbedbreakfast.dk\/en\/rooms\/#breadcrumb","itemListElement":[{"@type":"ListItem","position":1,"name":"Hjem","item":"https:\/\/boegebjergstrandbedbreakfast.dk\/en\/home-page\/"},{"@type":"ListItem","position":2,"name":"Rooms"}]},{"@type":"WebSite","@id":"https:\/\/boegebjergstrandbedbreakfast.dk\/en\/#website","url":"https:\/\/boegebjergstrandbedbreakfast.dk\/en\/","name":"B\u00f8gebjerg Strand Bed &amp; Breakfast","description":"B&amp;B n\u00e6r Kerteminde p\u00e5 Fyn","publisher":{"@id":"https:\/\/boegebjergstrandbedbreakfast.dk\/en\/#organization"},"potentialAction":[{"@type":"SearchAction","target":{"@type":"EntryPoint","urlTemplate":"https:\/\/boegebjergstrandbedbreakfast.dk\/en\/?s={search_term_string}"},"query-input":{"@type":"PropertyValueSpecification","valueRequired":true,"valueName":"search_term_string"}}],"inLanguage":"en-US"},{"@type":"Organization","@id":"https:\/\/boegebjergstrandbedbreakfast.dk\/en\/#organization","name":"B\u00f8gebjerg Strand Bed &amp; Breakfast","url":"https:\/\/boegebjergstrandbedbreakfast.dk\/en\/","logo":{"@type":"ImageObject","inLanguage":"en-US","@id":"https:\/\/boegebjergstrandbedbreakfast.dk\/en\/#\/schema\/logo\/image\/","url":"https:\/\/boegebjergstrandbedbreakfast.dk\/wp-content\/uploads\/2021\/06\/logo.svg","contentUrl":"https:\/\/boegebjergstrandbedbreakfast.dk\/wp-content\/uploads\/2021\/06\/logo.svg","width":586,"height":93,"caption":"B\u00f8gebjerg Strand Bed &amp; Breakfast"},"image":{"@id":"https:\/\/boegebjergstrandbedbreakfast.dk\/en\/#\/schema\/logo\/image\/"}}]}},"_links":{"self":[{"href":"https:\/\/boegebjergstrandbedbreakfast.dk\/en\/wp-json\/wp\/v2\/pages\/2938","targetHints":{"allow":["GET"]}}],"collection":[{"href":"https:\/\/boegebjergstrandbedbreakfast.dk\/en\/wp-json\/wp\/v2\/pages"}],"about":[{"href":"https:\/\/boegebjergstrandbedbreakfast.dk\/en\/wp-json\/wp\/v2\/types\/page"}],"author":[{"embeddable":true,"href":"https:\/\/boegebjergstrandbedbreakfast.dk\/en\/wp-json\/wp\/v2\/users\/1"}],"replies":[{"embeddable":true,"href":"https:\/\/boegebjergstrandbedbreakfast.dk\/en\/wp-json\/wp\/v2\/comments?post=2938"}],"version-history":[{"count":2,"href":"https:\/\/boegebjergstrandbedbreakfast.dk\/en\/wp-json\/wp\/v2\/pages\/2938\/revisions"}],"predecessor-version":[{"id":2942,"href":"https:\/\/boegebjergstrandbedbreakfast.dk\/en\/wp-json\/wp\/v2\/pages\/2938\/revisions\/2942"}],"wp:attachment":[{"href":"https:\/\/boegebjergstrandbedbreakfast.dk\/en\/wp-json\/wp\/v2\/media?parent=2938"}],"wp:term":[{"taxonomy":"category","embeddable":true,"href":"https:\/\/boegebjergstrandbedbreakfast.dk\/en\/wp-json\/wp\/v2\/categories?post=2938"}],"curies":[{"name":"wp","href":"https:\/\/api.w.org\/{rel}","templated":true}]}}