{"id":2939,"date":"2020-02-12T08:51:30","date_gmt":"2020-02-12T07:51:30","guid":{"rendered":"https:\/\/boegebjergstrandbedbreakfast.dk\/home-page\/"},"modified":"2025-03-10T11:08:59","modified_gmt":"2025-03-10T10:08:59","slug":"home-page","status":"publish","type":"page","link":"https:\/\/boegebjergstrandbedbreakfast.dk\/en\/","title":{"rendered":"Home page"},"content":{"rendered":"<section class=\"wpb-content-wrapper\"><p>[vc_row full_width=&#8221;stretch_row&#8221;][vc_column width=&#8221;1\/6&#8243;][\/vc_column][vc_column width=&#8221;2\/3&#8243;]<div class=\"ult-spacer spacer-6a08ef50a078c\" data-id=\"6a08ef50a078c\" data-height=\"90\" data-height-mobile=\"60\" data-height-tab=\"90\" data-height-tab-portrait=\"60\" data-height-mobile-landscape=\"60\" style=\"clear:both;display:block;\"><\/div>[vc_single_image image=&#8221;2704&#8243; img_size=&#8221;full&#8221; alignment=&#8221;center&#8221;][vc_empty_space height=&#8221;5px&#8221;][vc_column_text]<\/p>\n<h1 style=\"text-align: center;\">B&amp;B near Kerteminde on Funen<\/h1>\n<h3 style=\"text-align: center;\">Welcome to B\u00f8gebjerg Strand Bed &amp; Breakfast<\/h3>\n<p style=\"text-align: center;\"><strong>A unique gem just a 15-minute drive from Kerteminde.<\/strong>  If you need to be pampered with a homemade breakfast and possibly a gastro dinner, hike or bike in the beautiful Funen nature close to the sea and forest, experience the many cultural offerings, or take a dip from the jetty &#8211; then I look forward to welcoming you.<\/p>\n<p style=\"text-align: center;\">With your own entrance, you have your own separate part of the house with 1 or 2 bedrooms, bathroom and living room &#8211; with a wood-burning stove, access to the garden and hammock. From the bedroom, there is a view of Roms\u00f8sund and further out, the island of Roms\u00f8. At R\u00f8ms\u00f8 you&#8217;ll find untouched nature, old forests and no cars.<\/p>\n<p>There are 400 meters along the fields to the lovely and peaceful beach B\u00f8gebjerg Strand.[\/vc_column_text][vc_empty_space height=&#8221;30px&#8221;][vc_btn title=&#8221;Our rooms&#8221; style=&#8221;custom&#8221; custom_background=&#8221;#a7bfd1&#8243; custom_text=&#8221;#ffffff&#8221; shape=&#8221;square&#8221; size=&#8221;sm&#8221; align=&#8221;center&#8221; link=&#8221;url:https%3A%2F%2Fboegebjergstrandbedbreakfast.dk%2Fvaerelser%2F|title:Rooms|&#8221;]<div class=\"ult-spacer spacer-6a08ef50a07d7\" data-id=\"6a08ef50a07d7\" data-height=\"90\" data-height-mobile=\"60\" data-height-tab=\"90\" data-height-tab-portrait=\"60\" data-height-mobile-landscape=\"60\" style=\"clear:both;display:block;\"><\/div>[\/vc_column][vc_column width=&#8221;1\/6&#8243;][\/vc_column][\/vc_row][vc_row full_width=&#8221;stretch_row_content_no_spaces&#8221; css=&#8221;.vc_custom_1623330301828{background-color: #f7f7f7 !important;}&#8221;][vc_column][vc_media_grid element_width=&#8221;2&#8243; gap=&#8221;0&#8243; item=&#8221;1780&#8243; grid_id=&#8221;vc_gid:1654239450946-1561e053-23b5-0&#8243; include=&#8221;2711,2767,2898,2741,2768,2903&#8243;][\/vc_column][\/vc_row][vc_row][vc_column]<div class=\"ult-spacer spacer-6a08ef50a0800\" data-id=\"6a08ef50a0800\" data-height=\"90\" data-height-mobile=\"60\" data-height-tab=\"90\" data-height-tab-portrait=\"60\" data-height-mobile-landscape=\"60\" style=\"clear:both;display:block;\"><\/div>[vc_row_inner][vc_column_inner width=&#8221;1\/6&#8243;][\/vc_column_inner][vc_column_inner width=&#8221;2\/3&#8243; css=&#8221;.vc_custom_1626164505492{padding-top: 32px !important;padding-bottom: 32px !important;background-color: #f7f7f7 !important;}&#8221;][vc_single_image image=&#8221;2810&#8243; img_size=&#8221;full&#8221; alignment=&#8221;center&#8221; el_class=&#8221;quotes&#8221;][vc_empty_space][vc_column_text]<\/p>\n<p style=\"text-align: center;\">We had 2 wonderful nights in this peaceful place. The nature is absolutely fantastic and perfect for relaxing your mind and calming your ears \ud83d\ude0a<br \/>\n We were welcomed by Helle who was very warm and welcoming. The room was really nice, atmospheric and tastefully decorated with everything you need, as well as a nice living room to cozy up with a good book.<\/p>\n<p style=\"text-align: center;\">Not least, we enjoyed the wonderful breakfast with delicious homemade stuff and lovely coffee, cake for the afternoon coffee was also there one day &#8230; it is always delicious \ud83d\ude09<br \/>\n We made use of Helle&#8217;s useful knowledge of eateries in the area and it was definitely worth a visit. We brought our dog Pelle who also enjoyed the stay and was well received.<\/p>\n<p style=\"text-align: center;\">The best recommendations from here and we will definitely return.<br \/>\nAnette &amp; Thomas and Pelle<br \/>\nHolb\u00e6k<\/p>\n<p style=\"text-align: center;\"><a href=\"https:\/\/boegebjergstrandbedbreakfast.dk\/en\/excerpts-from-the-guestbook\/\">See excerpts from our Guestbook here<\/a><\/p>\n<p>[\/vc_column_text][\/vc_column_inner][vc_column_inner width=&#8221;1\/6&#8243;][\/vc_column_inner][\/vc_row_inner][\/vc_column][\/vc_row][vc_row full_width=&#8221;stretch_row&#8221;][vc_column]<div class=\"ult-spacer spacer-6a08ef50a0822\" data-id=\"6a08ef50a0822\" data-height=\"90\" data-height-mobile=\"60\" data-height-tab=\"90\" data-height-tab-portrait=\"60\" data-height-mobile-landscape=\"60\" style=\"clear:both;display:block;\"><\/div>[vc_column_text]<\/p>\n<h3 style=\"text-align: center;\">Find your way to B\u00f8gebjerg Strand Bed &amp; Breakfast<\/h3>\n<p>[\/vc_column_text][vc_empty_space height=&#8221;30px&#8221;][vc_gmaps link=&#8221;#E-8_JTNDaWZyYW1lJTIwc3JjJTNEJTIyaHR0cHMlM0ElMkYlMkZ3d3cuZ29vZ2xlLmNvbSUyRm1hcHMlMkZlbWJlZCUzRnBiJTNEJTIxMW0xNCUyMTFtOCUyMTFtMyUyMTFkOTAzMi4xODU0NDg5NTc1MSUyMTJkMTAuNjg1NzM0MyUyMTNkNTUuNTMxNTYxNyUyMTNtMiUyMTFpMTAyNCUyMTJpNzY4JTIxNGYxMy4xJTIxM20zJTIxMW0yJTIxMXMweDQ2NGQxYjY0N2JiZGQ0ZGIlMjUzQTB4NmU4ODYxODQ5MDBkYmMyNCUyMTJzQiUyNUMzJTI1QjhnZWJqZXJnJTI1MjBTdHJhbmQlMjUyMEJlZCUyNTIwJTI1MjYlMjUyMEJyZWFrZmFzdCUyMTVlMCUyMTNtMiUyMTFzZGElMjEyc2RrJTIxNHYxNjI2NzAxNTc2Mjk3JTIxNW0yJTIxMXNkYSUyMTJzZGslMjIlMjB3aWR0aCUzRCUyMjYwMCUyMiUyMGhlaWdodCUzRCUyMjQ1MCUyMiUyMHN0eWxlJTNEJTIyYm9yZGVyJTNBMCUzQiUyMiUyMGFsbG93ZnVsbHNjcmVlbiUzRCUyMiUyMiUyMGxvYWRpbmclM0QlMjJsYXp5JTIyJTNFJTNDJTJGaWZyYW1lJTNF&#8221; size=&#8221;300px&#8221; el_class=&#8221;grayscale&#8221;]<div class=\"ult-spacer spacer-6a08ef50a0841\" data-id=\"6a08ef50a0841\" data-height=\"90\" data-height-mobile=\"60\" data-height-tab=\"90\" data-height-tab-portrait=\"60\" data-height-mobile-landscape=\"60\" style=\"clear:both;display:block;\"><\/div>[\/vc_column][\/vc_row]<\/p>\n<\/section>","protected":false},"excerpt":{"rendered":"<p>[vc_row full_width=&#8221;stretch_row&#8221;][vc_column width=&#8221;1\/6&#8243;][\/vc_column][vc_column width=&#8221;2\/3&#8243;][vc_single_image image=&#8221;2704&#8243; img_size=&#8221;full&#8221; alignment=&#8221;center&#8221;][vc_empty_space height=&#8221;5px&#8221;][vc_column_text] B&amp;B near Kerteminde on Funen Welcome to B\u00f8gebjerg Strand Bed &amp; Breakfast A unique gem just a 15-minute drive from Kerteminde. If you need to be pampered with a homemade breakfast and possibly a gastro dinner, hike or bike in the beautiful Funen nature close to the &#8230; <a title=\"Home page\" class=\"read-more\" href=\"https:\/\/boegebjergstrandbedbreakfast.dk\/en\/\" aria-label=\"More on Home page\">Read more<\/a><\/p>\n","protected":false},"author":1,"featured_media":0,"parent":0,"menu_order":0,"comment_status":"closed","ping_status":"closed","template":"","meta":{"_acf_changed":false,"footnotes":""},"categories":[],"class_list":["post-2939","page","type-page","status-publish"],"acf":[],"yoast_head":"<!-- This site is optimized with the Yoast SEO plugin v27.6 - https:\/\/yoast.com\/product\/yoast-seo-wordpress\/ -->\n<title>B&amp;B n\u00e6r Kerteminde p\u00e5 Fyn &#183; B\u00f8gebjerg Strand Bed &amp; Breakfast<\/title>\n<meta name=\"robots\" content=\"index, follow, max-snippet:-1, max-image-preview:large, max-video-preview:-1\" \/>\n<link rel=\"canonical\" href=\"https:\/\/boegebjergstrandbedbreakfast.dk\/en\/\" \/>\n<meta property=\"og:locale\" content=\"en_US\" \/>\n<meta property=\"og:type\" content=\"article\" \/>\n<meta property=\"og:title\" content=\"B&amp;B n\u00e6r Kerteminde p\u00e5 Fyn &#183; B\u00f8gebjerg Strand Bed &amp; Breakfast\" \/>\n<meta property=\"og:description\" content=\"[vc_row full_width=&#8221;stretch_row&#8221;][vc_column width=&#8221;1\/6&#8243;][\/vc_column][vc_column width=&#8221;2\/3&#8243;][vc_single_image image=&#8221;2704&#8243; img_size=&#8221;full&#8221; alignment=&#8221;center&#8221;][vc_empty_space height=&#8221;5px&#8221;][vc_column_text] B&amp;B near Kerteminde on Funen Welcome to B\u00f8gebjerg Strand Bed &amp; Breakfast A unique gem just a 15-minute drive from Kerteminde. If you need to be pampered with a homemade breakfast and possibly a gastro dinner, hike or bike in the beautiful Funen nature close to the ... Read more\" \/>\n<meta property=\"og:url\" content=\"https:\/\/boegebjergstrandbedbreakfast.dk\/en\/\" \/>\n<meta property=\"og:site_name\" content=\"B\u00f8gebjerg Strand Bed &amp; Breakfast\" \/>\n<meta property=\"article:modified_time\" content=\"2025-03-10T10:08:59+00:00\" \/>\n<meta name=\"twitter:card\" content=\"summary_large_image\" \/>\n<meta name=\"twitter:label1\" content=\"Est. reading time\" \/>\n\t<meta name=\"twitter:data1\" content=\"3 minutes\" \/>\n<script type=\"application\/ld+json\" class=\"yoast-schema-graph\">{\"@context\":\"https:\\\/\\\/schema.org\",\"@graph\":[{\"@type\":\"WebPage\",\"@id\":\"https:\\\/\\\/boegebjergstrandbedbreakfast.dk\\\/en\\\/\",\"url\":\"https:\\\/\\\/boegebjergstrandbedbreakfast.dk\\\/en\\\/\",\"name\":\"B&amp;B n\u00e6r Kerteminde p\u00e5 Fyn &#183; B\u00f8gebjerg Strand Bed &amp; Breakfast\",\"isPartOf\":{\"@id\":\"https:\\\/\\\/boegebjergstrandbedbreakfast.dk\\\/en\\\/#website\"},\"datePublished\":\"2020-02-12T07:51:30+00:00\",\"dateModified\":\"2025-03-10T10:08:59+00:00\",\"breadcrumb\":{\"@id\":\"https:\\\/\\\/boegebjergstrandbedbreakfast.dk\\\/en\\\/#breadcrumb\"},\"inLanguage\":\"en-US\",\"potentialAction\":[{\"@type\":\"ReadAction\",\"target\":[\"https:\\\/\\\/boegebjergstrandbedbreakfast.dk\\\/en\\\/\"]}]},{\"@type\":\"BreadcrumbList\",\"@id\":\"https:\\\/\\\/boegebjergstrandbedbreakfast.dk\\\/en\\\/#breadcrumb\",\"itemListElement\":[{\"@type\":\"ListItem\",\"position\":1,\"name\":\"Hjem\",\"item\":\"https:\\\/\\\/boegebjergstrandbedbreakfast.dk\\\/en\\\/home-page\\\/\"},{\"@type\":\"ListItem\",\"position\":2,\"name\":\"Home page\"}]},{\"@type\":\"WebSite\",\"@id\":\"https:\\\/\\\/boegebjergstrandbedbreakfast.dk\\\/en\\\/#website\",\"url\":\"https:\\\/\\\/boegebjergstrandbedbreakfast.dk\\\/en\\\/\",\"name\":\"B\u00f8gebjerg Strand Bed &amp; Breakfast\",\"description\":\"B&amp;B n\u00e6r Kerteminde p\u00e5 Fyn\",\"publisher\":{\"@id\":\"https:\\\/\\\/boegebjergstrandbedbreakfast.dk\\\/en\\\/#organization\"},\"potentialAction\":[{\"@type\":\"SearchAction\",\"target\":{\"@type\":\"EntryPoint\",\"urlTemplate\":\"https:\\\/\\\/boegebjergstrandbedbreakfast.dk\\\/en\\\/?s={search_term_string}\"},\"query-input\":{\"@type\":\"PropertyValueSpecification\",\"valueRequired\":true,\"valueName\":\"search_term_string\"}}],\"inLanguage\":\"en-US\"},{\"@type\":\"Organization\",\"@id\":\"https:\\\/\\\/boegebjergstrandbedbreakfast.dk\\\/en\\\/#organization\",\"name\":\"B\u00f8gebjerg Strand Bed &amp; Breakfast\",\"url\":\"https:\\\/\\\/boegebjergstrandbedbreakfast.dk\\\/en\\\/\",\"logo\":{\"@type\":\"ImageObject\",\"inLanguage\":\"en-US\",\"@id\":\"https:\\\/\\\/boegebjergstrandbedbreakfast.dk\\\/en\\\/#\\\/schema\\\/logo\\\/image\\\/\",\"url\":\"https:\\\/\\\/boegebjergstrandbedbreakfast.dk\\\/wp-content\\\/uploads\\\/2021\\\/06\\\/logo.svg\",\"contentUrl\":\"https:\\\/\\\/boegebjergstrandbedbreakfast.dk\\\/wp-content\\\/uploads\\\/2021\\\/06\\\/logo.svg\",\"width\":586,\"height\":93,\"caption\":\"B\u00f8gebjerg Strand Bed &amp; Breakfast\"},\"image\":{\"@id\":\"https:\\\/\\\/boegebjergstrandbedbreakfast.dk\\\/en\\\/#\\\/schema\\\/logo\\\/image\\\/\"}}]}<\/script>\n<!-- \/ Yoast SEO plugin. -->","yoast_head_json":{"title":"B&amp;B n\u00e6r Kerteminde p\u00e5 Fyn &#183; B\u00f8gebjerg Strand Bed &amp; Breakfast","robots":{"index":"index","follow":"follow","max-snippet":"max-snippet:-1","max-image-preview":"max-image-preview:large","max-video-preview":"max-video-preview:-1"},"canonical":"https:\/\/boegebjergstrandbedbreakfast.dk\/en\/","og_locale":"en_US","og_type":"article","og_title":"B&amp;B n\u00e6r Kerteminde p\u00e5 Fyn &#183; B\u00f8gebjerg Strand Bed &amp; Breakfast","og_description":"[vc_row full_width=&#8221;stretch_row&#8221;][vc_column width=&#8221;1\/6&#8243;][\/vc_column][vc_column width=&#8221;2\/3&#8243;][vc_single_image image=&#8221;2704&#8243; img_size=&#8221;full&#8221; alignment=&#8221;center&#8221;][vc_empty_space height=&#8221;5px&#8221;][vc_column_text] B&amp;B near Kerteminde on Funen Welcome to B\u00f8gebjerg Strand Bed &amp; Breakfast A unique gem just a 15-minute drive from Kerteminde. If you need to be pampered with a homemade breakfast and possibly a gastro dinner, hike or bike in the beautiful Funen nature close to the ... Read more","og_url":"https:\/\/boegebjergstrandbedbreakfast.dk\/en\/","og_site_name":"B\u00f8gebjerg Strand Bed &amp; Breakfast","article_modified_time":"2025-03-10T10:08:59+00:00","twitter_card":"summary_large_image","twitter_misc":{"Est. reading time":"3 minutes"},"schema":{"@context":"https:\/\/schema.org","@graph":[{"@type":"WebPage","@id":"https:\/\/boegebjergstrandbedbreakfast.dk\/en\/","url":"https:\/\/boegebjergstrandbedbreakfast.dk\/en\/","name":"B&amp;B n\u00e6r Kerteminde p\u00e5 Fyn &#183; B\u00f8gebjerg Strand Bed &amp; Breakfast","isPartOf":{"@id":"https:\/\/boegebjergstrandbedbreakfast.dk\/en\/#website"},"datePublished":"2020-02-12T07:51:30+00:00","dateModified":"2025-03-10T10:08:59+00:00","breadcrumb":{"@id":"https:\/\/boegebjergstrandbedbreakfast.dk\/en\/#breadcrumb"},"inLanguage":"en-US","potentialAction":[{"@type":"ReadAction","target":["https:\/\/boegebjergstrandbedbreakfast.dk\/en\/"]}]},{"@type":"BreadcrumbList","@id":"https:\/\/boegebjergstrandbedbreakfast.dk\/en\/#breadcrumb","itemListElement":[{"@type":"ListItem","position":1,"name":"Hjem","item":"https:\/\/boegebjergstrandbedbreakfast.dk\/en\/home-page\/"},{"@type":"ListItem","position":2,"name":"Home page"}]},{"@type":"WebSite","@id":"https:\/\/boegebjergstrandbedbreakfast.dk\/en\/#website","url":"https:\/\/boegebjergstrandbedbreakfast.dk\/en\/","name":"B\u00f8gebjerg Strand Bed &amp; Breakfast","description":"B&amp;B n\u00e6r Kerteminde p\u00e5 Fyn","publisher":{"@id":"https:\/\/boegebjergstrandbedbreakfast.dk\/en\/#organization"},"potentialAction":[{"@type":"SearchAction","target":{"@type":"EntryPoint","urlTemplate":"https:\/\/boegebjergstrandbedbreakfast.dk\/en\/?s={search_term_string}"},"query-input":{"@type":"PropertyValueSpecification","valueRequired":true,"valueName":"search_term_string"}}],"inLanguage":"en-US"},{"@type":"Organization","@id":"https:\/\/boegebjergstrandbedbreakfast.dk\/en\/#organization","name":"B\u00f8gebjerg Strand Bed &amp; Breakfast","url":"https:\/\/boegebjergstrandbedbreakfast.dk\/en\/","logo":{"@type":"ImageObject","inLanguage":"en-US","@id":"https:\/\/boegebjergstrandbedbreakfast.dk\/en\/#\/schema\/logo\/image\/","url":"https:\/\/boegebjergstrandbedbreakfast.dk\/wp-content\/uploads\/2021\/06\/logo.svg","contentUrl":"https:\/\/boegebjergstrandbedbreakfast.dk\/wp-content\/uploads\/2021\/06\/logo.svg","width":586,"height":93,"caption":"B\u00f8gebjerg Strand Bed &amp; Breakfast"},"image":{"@id":"https:\/\/boegebjergstrandbedbreakfast.dk\/en\/#\/schema\/logo\/image\/"}}]}},"_links":{"self":[{"href":"https:\/\/boegebjergstrandbedbreakfast.dk\/en\/wp-json\/wp\/v2\/pages\/2939","targetHints":{"allow":["GET"]}}],"collection":[{"href":"https:\/\/boegebjergstrandbedbreakfast.dk\/en\/wp-json\/wp\/v2\/pages"}],"about":[{"href":"https:\/\/boegebjergstrandbedbreakfast.dk\/en\/wp-json\/wp\/v2\/types\/page"}],"author":[{"embeddable":true,"href":"https:\/\/boegebjergstrandbedbreakfast.dk\/en\/wp-json\/wp\/v2\/users\/1"}],"replies":[{"embeddable":true,"href":"https:\/\/boegebjergstrandbedbreakfast.dk\/en\/wp-json\/wp\/v2\/comments?post=2939"}],"version-history":[{"count":2,"href":"https:\/\/boegebjergstrandbedbreakfast.dk\/en\/wp-json\/wp\/v2\/pages\/2939\/revisions"}],"predecessor-version":[{"id":2944,"href":"https:\/\/boegebjergstrandbedbreakfast.dk\/en\/wp-json\/wp\/v2\/pages\/2939\/revisions\/2944"}],"wp:attachment":[{"href":"https:\/\/boegebjergstrandbedbreakfast.dk\/en\/wp-json\/wp\/v2\/media?parent=2939"}],"wp:term":[{"taxonomy":"category","embeddable":true,"href":"https:\/\/boegebjergstrandbedbreakfast.dk\/en\/wp-json\/wp\/v2\/categories?post=2939"}],"curies":[{"name":"wp","href":"https:\/\/api.w.org\/{rel}","templated":true}]}}