{"id":2940,"date":"2020-02-12T13:11:38","date_gmt":"2020-02-12T12:11:38","guid":{"rendered":"https:\/\/boegebjergstrandbedbreakfast.dk\/contact-us\/"},"modified":"2025-03-10T11:08:58","modified_gmt":"2025-03-10T10:08:58","slug":"contact-us","status":"publish","type":"page","link":"https:\/\/boegebjergstrandbedbreakfast.dk\/en\/contact-us\/","title":{"rendered":"Contact us"},"content":{"rendered":"<section class=\"wpb-content-wrapper\"><p>[vc_row full_width=&#8221;stretch_row&#8221; el_class=&#8221;center&#8221;][vc_column]<div class=\"ult-spacer spacer-6a09037c46478\" data-id=\"6a09037c46478\" data-height=\"90\" data-height-mobile=\"60\" data-height-tab=\"90\" data-height-tab-portrait=\"60\" data-height-mobile-landscape=\"60\" style=\"clear:both;display:block;\"><\/div>[vc_row_inner][vc_column_inner width=&#8221;1\/4&#8243;][\/vc_column_inner][vc_column_inner width=&#8221;1\/2&#8243;][vc_column_text]<\/p>\n<h2 style=\"text-align: center;\">Contact us today<\/h2>\n<p style=\"text-align: center;\">I am a lawyer who has worked with the environment and sustainability for more than 25 years. I spent many years living in Switzerland, England and Scotland. I love hiking and I love to cook. I look forward to sharing tips on where to eat well and experience something special in the area.<\/p>\n<p style=\"text-align: center;\">You are always welcome to write or call us using the information below.<\/p>\n<p style=\"text-align: center;\"><strong>To book a room, use the form below or send a text message or call <a href=\"tel:29124572\">+45 29 12 45 72<\/a><\/strong><\/p>\n<p style=\"text-align: center;\"><strong>B\u00f8gebjerg Strand Bed &amp; Breakfast<\/strong><br \/>\n<strong>Helle Husum<\/strong><br \/>\nHersnapvej 271, 5380 Dalby<\/p>\n<p style=\"text-align: center;\"><a href=\"tel:29124572\">(+45) 29 12 45 72<\/a><br \/>\n<a href=\"mailto:info@boegebjergstrandbedbreakfast.dk\">info@boegebjergstrandbedbreakfast.dk<\/a><\/p>\n<p style=\"text-align: center;\">CVR no.: 42327158<\/p>\n<p>[\/vc_column_text][vc_empty_space height=&#8221;30px&#8221;][vc_column_text]<\/p>\n<h3 style=\"text-align: center;\">Write to us<\/h3>\n<p>[\/vc_column_text][vc_empty_space height=&#8221;20px&#8221;][vc_raw_html]W2Zvcm1pbmF0b3JfZm9ybSBpZD0iNjYiXQ==[\/vc_raw_html][vc_empty_space height=&#8221;20px&#8221;][vc_column_text]<\/p>\n<div class=\"wpb_text_column wpb_content_element \">\n<div class=\"wpb_wrapper\">\n<p style=\"text-align: center;\"><em>A small dog is welcome for a cleaning fee of DKK 400 and by appointment.<br \/>\nDinner can be ordered by appointment.<\/em><\/p>\n<\/div>\n<\/div>\n<div class=\"wpb_text_column wpb_content_element \">\n<div class=\"wpb_wrapper\">\n<p>&nbsp;<\/p>\n<p style=\"text-align: center;\"><em><strong>Reservation fee and deposit<\/strong><\/em><br \/>\n<em>Once the reservation is made, the guest can expect to pay a reservation fee upon agreement.<\/em><\/p>\n<p style=\"text-align: center;\"><em>The fee will be deducted from the final settlement, but is non-refundable in case of cancellation.<\/em><\/p>\n<\/div>\n<\/div>\n<p>[\/vc_column_text][\/vc_column_inner][vc_column_inner width=&#8221;1\/4&#8243;][\/vc_column_inner][\/vc_row_inner]<div class=\"ult-spacer spacer-6a09037c464be\" data-id=\"6a09037c464be\" data-height=\"90\" data-height-mobile=\"60\" data-height-tab=\"90\" data-height-tab-portrait=\"60\" data-height-mobile-landscape=\"60\" style=\"clear:both;display:block;\"><\/div>[\/vc_column][\/vc_row][vc_row full_width=&#8221;stretch_row_content_no_spaces&#8221;][vc_column][vc_gmaps link=&#8221;#E-8_JTNDaWZyYW1lJTIwc3JjJTNEJTIyaHR0cHMlM0ElMkYlMkZ3d3cuZ29vZ2xlLmNvbSUyRm1hcHMlMkZlbWJlZCUzRnBiJTNEJTIxMW0xNCUyMTFtOCUyMTFtMyUyMTFkOTAzMi4xODU0NDg5NTc1MSUyMTJkMTAuNjg1NzM0MyUyMTNkNTUuNTMxNTYxNyUyMTNtMiUyMTFpMTAyNCUyMTJpNzY4JTIxNGYxMy4xJTIxM20zJTIxMW0yJTIxMXMweDQ2NGQxYjY0N2JiZGQ0ZGIlMjUzQTB4NmU4ODYxODQ5MDBkYmMyNCUyMTJzQiUyNUMzJTI1QjhnZWJqZXJnJTI1MjBTdHJhbmQlMjUyMEJlZCUyNTIwJTI1MjYlMjUyMEJyZWFrZmFzdCUyMTVlMCUyMTNtMiUyMTFzZGElMjEyc2RrJTIxNHYxNjI2NzAxNTc2Mjk3JTIxNW0yJTIxMXNkYSUyMTJzZGslMjIlMjB3aWR0aCUzRCUyMjYwMCUyMiUyMGhlaWdodCUzRCUyMjQ1MCUyMiUyMHN0eWxlJTNEJTIyYm9yZGVyJTNBMCUzQiUyMiUyMGFsbG93ZnVsbHNjcmVlbiUzRCUyMiUyMiUyMGxvYWRpbmclM0QlMjJsYXp5JTIyJTNFJTNDJTJGaWZyYW1lJTNF&#8221; size=&#8221;400px&#8221; el_class=&#8221;grayscale&#8221;][\/vc_column][\/vc_row]<\/p>\n<\/section>","protected":false},"excerpt":{"rendered":"<p>Do you have any questions or comments? Use the form on this page and we will get back to you as soon as possible.<\/p>\n","protected":false},"author":1,"featured_media":0,"parent":0,"menu_order":0,"comment_status":"closed","ping_status":"closed","template":"","meta":{"_acf_changed":false,"footnotes":""},"categories":[],"class_list":["post-2940","page","type-page","status-publish"],"acf":[],"yoast_head":"<!-- This site is optimized with the Yoast SEO plugin v27.6 - https:\/\/yoast.com\/product\/yoast-seo-wordpress\/ -->\n<title>Contact us &#183; B\u00f8gebjerg Strand Bed &amp; Breakfast<\/title>\n<meta name=\"robots\" content=\"index, follow, max-snippet:-1, max-image-preview:large, max-video-preview:-1\" \/>\n<link rel=\"canonical\" href=\"https:\/\/boegebjergstrandbedbreakfast.dk\/en\/contact-us\/\" \/>\n<meta property=\"og:locale\" content=\"en_US\" \/>\n<meta property=\"og:type\" content=\"article\" \/>\n<meta property=\"og:title\" content=\"Contact us &#183; B\u00f8gebjerg Strand Bed &amp; Breakfast\" \/>\n<meta property=\"og:description\" content=\"Do you have any questions or comments? Use the form on this page and we will get back to you as soon as possible.\" \/>\n<meta property=\"og:url\" content=\"https:\/\/boegebjergstrandbedbreakfast.dk\/en\/contact-us\/\" \/>\n<meta property=\"og:site_name\" content=\"B\u00f8gebjerg Strand Bed &amp; Breakfast\" \/>\n<meta property=\"article:modified_time\" content=\"2025-03-10T10:08:58+00:00\" \/>\n<meta name=\"twitter:card\" content=\"summary_large_image\" \/>\n<meta name=\"twitter:label1\" content=\"Est. reading time\" \/>\n\t<meta name=\"twitter:data1\" content=\"2 minutes\" \/>\n<script type=\"application\/ld+json\" class=\"yoast-schema-graph\">{\"@context\":\"https:\\\/\\\/schema.org\",\"@graph\":[{\"@type\":\"WebPage\",\"@id\":\"https:\\\/\\\/boegebjergstrandbedbreakfast.dk\\\/en\\\/contact-us\\\/\",\"url\":\"https:\\\/\\\/boegebjergstrandbedbreakfast.dk\\\/en\\\/contact-us\\\/\",\"name\":\"Contact us &#183; B\u00f8gebjerg Strand Bed &amp; Breakfast\",\"isPartOf\":{\"@id\":\"https:\\\/\\\/boegebjergstrandbedbreakfast.dk\\\/en\\\/#website\"},\"datePublished\":\"2020-02-12T12:11:38+00:00\",\"dateModified\":\"2025-03-10T10:08:58+00:00\",\"breadcrumb\":{\"@id\":\"https:\\\/\\\/boegebjergstrandbedbreakfast.dk\\\/en\\\/contact-us\\\/#breadcrumb\"},\"inLanguage\":\"en-US\",\"potentialAction\":[{\"@type\":\"ReadAction\",\"target\":[\"https:\\\/\\\/boegebjergstrandbedbreakfast.dk\\\/en\\\/contact-us\\\/\"]}]},{\"@type\":\"BreadcrumbList\",\"@id\":\"https:\\\/\\\/boegebjergstrandbedbreakfast.dk\\\/en\\\/contact-us\\\/#breadcrumb\",\"itemListElement\":[{\"@type\":\"ListItem\",\"position\":1,\"name\":\"Hjem\",\"item\":\"https:\\\/\\\/boegebjergstrandbedbreakfast.dk\\\/en\\\/home-page\\\/\"},{\"@type\":\"ListItem\",\"position\":2,\"name\":\"Contact us\"}]},{\"@type\":\"WebSite\",\"@id\":\"https:\\\/\\\/boegebjergstrandbedbreakfast.dk\\\/en\\\/#website\",\"url\":\"https:\\\/\\\/boegebjergstrandbedbreakfast.dk\\\/en\\\/\",\"name\":\"B\u00f8gebjerg Strand Bed &amp; Breakfast\",\"description\":\"B&amp;B n\u00e6r Kerteminde p\u00e5 Fyn\",\"publisher\":{\"@id\":\"https:\\\/\\\/boegebjergstrandbedbreakfast.dk\\\/en\\\/#organization\"},\"potentialAction\":[{\"@type\":\"SearchAction\",\"target\":{\"@type\":\"EntryPoint\",\"urlTemplate\":\"https:\\\/\\\/boegebjergstrandbedbreakfast.dk\\\/en\\\/?s={search_term_string}\"},\"query-input\":{\"@type\":\"PropertyValueSpecification\",\"valueRequired\":true,\"valueName\":\"search_term_string\"}}],\"inLanguage\":\"en-US\"},{\"@type\":\"Organization\",\"@id\":\"https:\\\/\\\/boegebjergstrandbedbreakfast.dk\\\/en\\\/#organization\",\"name\":\"B\u00f8gebjerg Strand Bed &amp; Breakfast\",\"url\":\"https:\\\/\\\/boegebjergstrandbedbreakfast.dk\\\/en\\\/\",\"logo\":{\"@type\":\"ImageObject\",\"inLanguage\":\"en-US\",\"@id\":\"https:\\\/\\\/boegebjergstrandbedbreakfast.dk\\\/en\\\/#\\\/schema\\\/logo\\\/image\\\/\",\"url\":\"https:\\\/\\\/boegebjergstrandbedbreakfast.dk\\\/wp-content\\\/uploads\\\/2021\\\/06\\\/logo.svg\",\"contentUrl\":\"https:\\\/\\\/boegebjergstrandbedbreakfast.dk\\\/wp-content\\\/uploads\\\/2021\\\/06\\\/logo.svg\",\"width\":586,\"height\":93,\"caption\":\"B\u00f8gebjerg Strand Bed &amp; Breakfast\"},\"image\":{\"@id\":\"https:\\\/\\\/boegebjergstrandbedbreakfast.dk\\\/en\\\/#\\\/schema\\\/logo\\\/image\\\/\"}}]}<\/script>\n<!-- \/ Yoast SEO plugin. -->","yoast_head_json":{"title":"Contact us &#183; B\u00f8gebjerg Strand Bed &amp; Breakfast","robots":{"index":"index","follow":"follow","max-snippet":"max-snippet:-1","max-image-preview":"max-image-preview:large","max-video-preview":"max-video-preview:-1"},"canonical":"https:\/\/boegebjergstrandbedbreakfast.dk\/en\/contact-us\/","og_locale":"en_US","og_type":"article","og_title":"Contact us &#183; B\u00f8gebjerg Strand Bed &amp; Breakfast","og_description":"Do you have any questions or comments? Use the form on this page and we will get back to you as soon as possible.","og_url":"https:\/\/boegebjergstrandbedbreakfast.dk\/en\/contact-us\/","og_site_name":"B\u00f8gebjerg Strand Bed &amp; Breakfast","article_modified_time":"2025-03-10T10:08:58+00:00","twitter_card":"summary_large_image","twitter_misc":{"Est. reading time":"2 minutes"},"schema":{"@context":"https:\/\/schema.org","@graph":[{"@type":"WebPage","@id":"https:\/\/boegebjergstrandbedbreakfast.dk\/en\/contact-us\/","url":"https:\/\/boegebjergstrandbedbreakfast.dk\/en\/contact-us\/","name":"Contact us &#183; B\u00f8gebjerg Strand Bed &amp; Breakfast","isPartOf":{"@id":"https:\/\/boegebjergstrandbedbreakfast.dk\/en\/#website"},"datePublished":"2020-02-12T12:11:38+00:00","dateModified":"2025-03-10T10:08:58+00:00","breadcrumb":{"@id":"https:\/\/boegebjergstrandbedbreakfast.dk\/en\/contact-us\/#breadcrumb"},"inLanguage":"en-US","potentialAction":[{"@type":"ReadAction","target":["https:\/\/boegebjergstrandbedbreakfast.dk\/en\/contact-us\/"]}]},{"@type":"BreadcrumbList","@id":"https:\/\/boegebjergstrandbedbreakfast.dk\/en\/contact-us\/#breadcrumb","itemListElement":[{"@type":"ListItem","position":1,"name":"Hjem","item":"https:\/\/boegebjergstrandbedbreakfast.dk\/en\/home-page\/"},{"@type":"ListItem","position":2,"name":"Contact us"}]},{"@type":"WebSite","@id":"https:\/\/boegebjergstrandbedbreakfast.dk\/en\/#website","url":"https:\/\/boegebjergstrandbedbreakfast.dk\/en\/","name":"B\u00f8gebjerg Strand Bed &amp; Breakfast","description":"B&amp;B n\u00e6r Kerteminde p\u00e5 Fyn","publisher":{"@id":"https:\/\/boegebjergstrandbedbreakfast.dk\/en\/#organization"},"potentialAction":[{"@type":"SearchAction","target":{"@type":"EntryPoint","urlTemplate":"https:\/\/boegebjergstrandbedbreakfast.dk\/en\/?s={search_term_string}"},"query-input":{"@type":"PropertyValueSpecification","valueRequired":true,"valueName":"search_term_string"}}],"inLanguage":"en-US"},{"@type":"Organization","@id":"https:\/\/boegebjergstrandbedbreakfast.dk\/en\/#organization","name":"B\u00f8gebjerg Strand Bed &amp; Breakfast","url":"https:\/\/boegebjergstrandbedbreakfast.dk\/en\/","logo":{"@type":"ImageObject","inLanguage":"en-US","@id":"https:\/\/boegebjergstrandbedbreakfast.dk\/en\/#\/schema\/logo\/image\/","url":"https:\/\/boegebjergstrandbedbreakfast.dk\/wp-content\/uploads\/2021\/06\/logo.svg","contentUrl":"https:\/\/boegebjergstrandbedbreakfast.dk\/wp-content\/uploads\/2021\/06\/logo.svg","width":586,"height":93,"caption":"B\u00f8gebjerg Strand Bed &amp; Breakfast"},"image":{"@id":"https:\/\/boegebjergstrandbedbreakfast.dk\/en\/#\/schema\/logo\/image\/"}}]}},"_links":{"self":[{"href":"https:\/\/boegebjergstrandbedbreakfast.dk\/en\/wp-json\/wp\/v2\/pages\/2940","targetHints":{"allow":["GET"]}}],"collection":[{"href":"https:\/\/boegebjergstrandbedbreakfast.dk\/en\/wp-json\/wp\/v2\/pages"}],"about":[{"href":"https:\/\/boegebjergstrandbedbreakfast.dk\/en\/wp-json\/wp\/v2\/types\/page"}],"author":[{"embeddable":true,"href":"https:\/\/boegebjergstrandbedbreakfast.dk\/en\/wp-json\/wp\/v2\/users\/1"}],"replies":[{"embeddable":true,"href":"https:\/\/boegebjergstrandbedbreakfast.dk\/en\/wp-json\/wp\/v2\/comments?post=2940"}],"version-history":[{"count":2,"href":"https:\/\/boegebjergstrandbedbreakfast.dk\/en\/wp-json\/wp\/v2\/pages\/2940\/revisions"}],"predecessor-version":[{"id":2946,"href":"https:\/\/boegebjergstrandbedbreakfast.dk\/en\/wp-json\/wp\/v2\/pages\/2940\/revisions\/2946"}],"wp:attachment":[{"href":"https:\/\/boegebjergstrandbedbreakfast.dk\/en\/wp-json\/wp\/v2\/media?parent=2940"}],"wp:term":[{"taxonomy":"category","embeddable":true,"href":"https:\/\/boegebjergstrandbedbreakfast.dk\/en\/wp-json\/wp\/v2\/categories?post=2940"}],"curies":[{"name":"wp","href":"https:\/\/api.w.org\/{rel}","templated":true}]}}