{"id":2947,"date":"2021-07-16T09:25:32","date_gmt":"2021-07-16T07:25:32","guid":{"rendered":"https:\/\/boegebjergstrandbedbreakfast.dk\/excerpts-from-the-guestbook\/"},"modified":"2025-03-10T11:09:00","modified_gmt":"2025-03-10T10:09:00","slug":"excerpts-from-the-guestbook","status":"publish","type":"page","link":"https:\/\/boegebjergstrandbedbreakfast.dk\/en\/excerpts-from-the-guestbook\/","title":{"rendered":"Excerpts from the Guestbook"},"content":{"rendered":"<section class=\"wpb-content-wrapper\"><p>[vc_row][vc_column]<div class=\"ult-spacer spacer-6a08f9ad5e332\" data-id=\"6a08f9ad5e332\" data-height=\"90\" data-height-mobile=\"60\" data-height-tab=\"90\" data-height-tab-portrait=\"60\" data-height-mobile-landscape=\"60\" style=\"clear:both;display:block;\"><\/div><div id=\"ult-carousel-32653633606a08f9ad5e48c\" class=\"ult-carousel-wrapper   ult_horizontal\" data-gutter=\"30\" data-rtl=\"false\" ><div class=\"ult-carousel-38776534016a08f9ad5e391 \" >[vc_row_inner css=&#8221;.vc_custom_1668774573847{margin-right: 3px !important;}&#8221;][vc_column_inner css=&#8221;.vc_custom_1668774741051{padding-top: 32px !important;padding-bottom: 32px !important;background-color: #f7f7f7 !important;}&#8221;][vc_single_image image=&#8221;2810&#8243; img_size=&#8221;full&#8221; el_class=&#8221;quotes&#8221;][vc_empty_space height=&#8221;20px&#8221;][vc_column_text]Dearest Helle<\/p>\n<p>What luck to find you and your wonderful, peaceful place, beautifully situated at the end of a dirt road, overlooking the water and Roms\u00f8.<\/p>\n<p>It is a great pleasure for us to be here, enjoying the rooms with all the nice things that together express the warmth and hospitality that we experience with you. Thank you, thank you, thank you \ud83d\ude42 \ud83d\ude42 <\/p>\n<p>We hope to return to this wine-wonderful spot on Earth, because not only is the place and surroundings beautiful, your cooking, the breakfast with the freshly baked buns and all the jars of berries and jams, is something anyone would look forward to experiencing again, preferably in a different season that offers new experiences.<\/p>\n<p>Warm greetings from Helle and Ulf. (25.09.2022)[\/vc_column_text][vc_empty_space height=&#8221;20px&#8221;][\/vc_column_inner][\/vc_row_inner][vc_row_inner][vc_column_inner css=&#8221;.vc_custom_1668774729398{padding-top: 32px !important;padding-bottom: 32px !important;background-color: #f7f7f7 !important;}&#8221;][vc_single_image image=&#8221;2810&#8243; img_size=&#8221;full&#8221; el_class=&#8221;quotes&#8221;][vc_empty_space height=&#8221;20px&#8221;][vc_column_text]Dear Helle,<\/p>\n<p>We did not look for a paradise but we found it! Right here! <\/p>\n<p>Several days full of sunshine, joy and happiness. We were aiming to look for and visit so many places, but here we have all one need, warmth, beautiful seasight\/view, wonderful smells&#8230; from the garden and the kitchen and last but not least; wonderful host! <\/p>\n<p>We&#8217;ll come back soon&#8230;with cheese and wine! \ud83d\ude42 \ud83d\ude42 <\/p>\n<p>Thank you very much, Christian (03.09.2022)[\/vc_column_text][vc_empty_space height=&#8221;20px&#8221;][\/vc_column_inner][\/vc_row_inner][vc_single_image image=&#8221;2907&#8243; img_size=&#8221;full&#8221; alignment=&#8221;center&#8221; onclick=&#8221;link_image&#8221;][vc_row_inner css=&#8221;.vc_custom_1668774762843{margin-right: 3px !important;}&#8221;][vc_column_inner css=&#8221;.vc_custom_1668774512648{margin-right: 20px !important;padding-top: 32px !important;padding-bottom: 32px !important;background-color: #f7f7f7 !important;}&#8221;][vc_single_image image=&#8221;2810&#8243; img_size=&#8221;full&#8221; el_class=&#8221;quotes&#8221;][vc_empty_space height=&#8221;20px&#8221;][vc_column_text]We had a lovely stay at Helle&#8217;s B&amp; B \ud83d\ude42<\/p>\n<p>She was a super friendly and helpful host.<\/p>\n<p>We loved the breakfast very much!!<\/p>\n<p>All the best from from the guest of Switzerland \ud83d\ude42<\/p>\n<p>Jassi &amp; Louis (24.05.2022)[\/vc_column_text][vc_empty_space height=&#8221;20px&#8221;][\/vc_column_inner][\/vc_row_inner][vc_row_inner][vc_column_inner css=&#8221;.vc_custom_1626423833655{padding-top: 32px !important;padding-bottom: 32px !important;background-color: #f7f7f7 !important;}&#8221;][vc_single_image image=&#8221;2810&#8243; img_size=&#8221;full&#8221; el_class=&#8221;quotes&#8221;][vc_empty_space height=&#8221;20px&#8221;][vc_column_text]A true Funen gem that exudes tranquility and absolute well-being&#8230;<\/p>\n<p>You have to look for such a beautiful place&#8230;<\/p>\n<p>We are already looking forward to our next visit&#8230;<\/p>\n<p>Fernanda and Klaus (26.04.2022)[\/vc_column_text][\/vc_column_inner][\/vc_row_inner][vc_single_image image=&#8221;2909&#8243; img_size=&#8221;full&#8221; onclick=&#8221;link_image&#8221;][vc_row_inner][vc_column_inner css=&#8221;.vc_custom_1626423833655{padding-top: 32px !important;padding-bottom: 32px !important;background-color: #f7f7f7 !important;}&#8221;][vc_single_image image=&#8221;2810&#8243; img_size=&#8221;full&#8221; el_class=&#8221;quotes&#8221;][vc_empty_space height=&#8221;20px&#8221;][vc_column_text]1000 thanks for the great care, also for the child.<\/p>\n<p>We have enjoyed the beautiful place, the wonderful breakfast and dinner, the lovely surroundings.<\/p>\n<p>We will come again!<\/p>\n<p>Many greetings from<br \/>\nRebekka, Jette and Henrik (February 14 &#8211; 16, 2022)[\/vc_column_text][\/vc_column_inner][\/vc_row_inner][vc_single_image image=&#8221;2910&#8243; img_size=&#8221;full&#8221; onclick=&#8221;link_image&#8221;][vc_row_inner][vc_column_inner css=&#8221;.vc_custom_1626423833655{padding-top: 32px !important;padding-bottom: 32px !important;background-color: #f7f7f7 !important;}&#8221;][vc_single_image image=&#8221;2810&#8243; img_size=&#8221;full&#8221; el_class=&#8221;quotes&#8221;][vc_empty_space height=&#8221;20px&#8221;][vc_column_text]THANK YOU for a lovely stay in your home. Here is peace and quiet &#8211; and idyll. A wonderful gem! Your hospitality is admirable, so thank you for the tips for trips nearby, for the organic farms, for letting us forage in your garden, for the great breakfast and for the many delicious details of our stay.   <\/p>\n<p>A special thank you for going to the attic and getting your own children&#8217;s books from the 60s and 70s for our daughter \ud83d\ude42<\/p>\n<p>We have appreciated everything about this place and recommend this gem to the select few.<\/p>\n<p>Best regards &#8211; Johanna, Anders &amp; Sabine (August 27 &#8211; 29, 2021)[\/vc_column_text][\/vc_column_inner][\/vc_row_inner][vc_single_image image=&#8221;2829&#8243; img_size=&#8221;full&#8221; onclick=&#8221;link_image&#8221;][vc_row_inner][vc_column_inner css=&#8221;.vc_custom_1626423833655{padding-top: 32px !important;padding-bottom: 32px !important;background-color: #f7f7f7 !important;}&#8221;][vc_single_image image=&#8221;2810&#8243; img_size=&#8221;full&#8221; el_class=&#8221;quotes&#8221;][vc_empty_space height=&#8221;20px&#8221;][vc_column_text]Dear Helle<\/p>\n<p>Thank you so much for some wonderful days in this wonderful Bed &amp; Breakfast that you have created here. We have thoroughly enjoyed it. Beautiful, beautiful, beautiful both inside and out.  <\/p>\n<p>Great service and pleasant conversations.<\/p>\n<p>&#8211; What&#8217;s the point of impersonal hotels when there&#8217;s a gem like this?<\/p>\n<p>Best regards Erik and Vivi (August 9, 2021)[\/vc_column_text][\/vc_column_inner][\/vc_row_inner][vc_single_image image=&#8221;2827&#8243; img_size=&#8221;full&#8221; onclick=&#8221;link_image&#8221;][vc_row_inner][vc_column_inner css=&#8221;.vc_custom_1626423833655{padding-top: 32px !important;padding-bottom: 32px !important;background-color: #f7f7f7 !important;}&#8221;][vc_single_image image=&#8221;2810&#8243; img_size=&#8221;full&#8221; el_class=&#8221;quotes&#8221;][vc_empty_space height=&#8221;20px&#8221;][vc_column_text]Dear Helle<\/p>\n<p>We were looking for a place to stay and found this lovely place that has soul, beauty, beautiful surroundings and the most amazing breakfast and service. It is definitely a reunion next time we are on Funen and riding. Thank you for a fantastic weekend!  <\/p>\n<p>Best regards and recommendations,<br \/>\nJosefine and Charlotte (July 10, 2021)[\/vc_column_text][\/vc_column_inner][\/vc_row_inner][vc_single_image image=&#8221;2828&#8243; img_size=&#8221;full&#8221; onclick=&#8221;link_image&#8221;][vc_row_inner][vc_column_inner css=&#8221;.vc_custom_1626422180560{padding-top: 32px !important;padding-bottom: 32px !important;background-color: #f7f7f7 !important;}&#8221;][vc_single_image image=&#8221;2810&#8243; img_size=&#8221;full&#8221; el_class=&#8221;quotes&#8221;][vc_empty_space height=&#8221;20px&#8221;][vc_column_text]Dear Helle<\/p>\n<p>We are grateful to have found such a fantastic B&amp;B.<\/p>\n<p>We have relaxed a lot by looking out over the cornfields and sea. Took a walk in the hammock and enjoyed the silence. And what a service, with a delicious breakfast with everything good from Hindsholm and Kerteminde.  <\/p>\n<p>We look forward to visiting the place again.<br \/>\nFam Hjortslund (14.07.2021)[\/vc_column_text][\/vc_column_inner][\/vc_row_inner][vc_single_image image=&#8221;2827&#8243; img_size=&#8221;full&#8221; onclick=&#8221;link_image&#8221;][vc_row_inner][vc_column_inner css=&#8221;.vc_custom_1626422180560{padding-top: 32px !important;padding-bottom: 32px !important;background-color: #f7f7f7 !important;}&#8221;][vc_single_image image=&#8221;2810&#8243; img_size=&#8221;full&#8221; el_class=&#8221;quotes&#8221;][vc_empty_space height=&#8221;20px&#8221;][vc_column_text]We had 2 wonderful nights in this peaceful place. The nature is absolutely stunning and perfect for relaxing your mind and getting peace in your ears \ud83d\ude0a<br \/>\n We were welcomed by Helle who was very warm and welcoming. The room was really nice, full of atmosphere and tastefully decorated with everything you need, as well as a nice living room for cozying up with a good book.  <\/p>\n<p>The best recommendations from here and we will definitely return.<br \/>\nAnette &amp; Thomas and Pelle, Holb\u00e6k[\/vc_column_text][\/vc_column_inner][\/vc_row_inner]<\/div><\/div>\t\t\t<script type=\"text\/javascript\">\n\t\t\t\tjQuery(document).ready(function ($) {\n\t\t\t\t\tif( typeof jQuery('.ult-carousel-38776534016a08f9ad5e391').slick == \"function\"){\n\t\t\t\t\t\t$('.ult-carousel-38776534016a08f9ad5e391').slick({dots: true,autoplaySpeed: 5000,speed: 500,infinite: true,arrows: true,nextArrow: '<button type=\"button\" role=\"button\" aria-label=\"Next\" style=\"color:#333333; font-size:20px;\" class=\"slick-next default\"><i class=\"ultsl-arrow-right4\"><\/i><\/button>',prevArrow: '<button type=\"button\" role=\"button\" aria-label=\"Previous\" style=\"color:#333333; font-size:20px;\" class=\"slick-prev default\"><i class=\"ultsl-arrow-left4\"><\/i><\/button>',slidesToScroll:3,slidesToShow:3,swipe: true,draggable: true,touchMove: true,pauseOnHover: true,pauseOnFocus: false,responsive: [\n\t\t\t\t\t\t\t{\n\t\t\t\t\t\t\t  breakpoint: 1026,\n\t\t\t\t\t\t\t  settings: {\n\t\t\t\t\t\t\t\tslidesToShow: 3,\n\t\t\t\t\t\t\t\tslidesToScroll: 3,  \n\t\t\t\t\t\t\t  }\n\t\t\t\t\t\t\t},\n\t\t\t\t\t\t\t{\n\t\t\t\t\t\t\t  breakpoint: 1025,\n\t\t\t\t\t\t\t  settings: {\n\t\t\t\t\t\t\t\tslidesToShow: 2,\n\t\t\t\t\t\t\t\tslidesToScroll: 2\n\t\t\t\t\t\t\t  }\n\t\t\t\t\t\t\t},\n\t\t\t\t\t\t\t{\n\t\t\t\t\t\t\t  breakpoint: 760,\n\t\t\t\t\t\t\t  settings: {\n\t\t\t\t\t\t\t\tslidesToShow: 1,\n\t\t\t\t\t\t\t\tslidesToScroll: 1\n\t\t\t\t\t\t\t  }\n\t\t\t\t\t\t\t}\n\t\t\t\t\t\t],pauseOnDotsHover: true,customPaging: function(slider, i) {\n                   return '<i type=\"button\" style= \"color:#333333;\" class=\"ultsl-record\" data-role=\"none\"><\/i>';\n                },});\n\t\t\t\t\t}\n\t\t\t\t});\n\t\t\t<\/script>\n\t\t\t[\/vc_column][\/vc_row][vc_row full_width=&#8221;stretch_row&#8221; css=&#8221;.vc_custom_1626420833490{background-color: #f7f7f7 !important;}&#8221;][vc_column]<div class=\"ult-spacer spacer-6a08f9ad5e4ef\" data-id=\"6a08f9ad5e4ef\" data-height=\"90\" data-height-mobile=\"60\" data-height-tab=\"90\" data-height-tab-portrait=\"60\" data-height-mobile-landscape=\"60\" style=\"clear:both;display:block;\"><\/div>[vc_media_grid element_width=&#8221;3&#8243; gap=&#8221;30&#8243; grid_id=&#8221;vc_gid:1668774367305-8b60798a-a55d-0&#8243; include=&#8221;2836,2835,2879,2834,2833,2832,2831,2830&#8243;]<div class=\"ult-spacer spacer-6a08f9ad5e51d\" data-id=\"6a08f9ad5e51d\" data-height=\"90\" data-height-mobile=\"60\" data-height-tab=\"90\" data-height-tab-portrait=\"60\" data-height-mobile-landscape=\"60\" style=\"clear:both;display:block;\"><\/div>[\/vc_column][\/vc_row]<\/p>\n<\/section>","protected":false},"excerpt":{"rendered":"<p>[vc_row][vc_column][\/vc_column][\/vc_row][vc_row full_width=&#8221;stretch_row&#8221; css=&#8221;.vc_custom_1626420833490{background-color: #f7f7f7 !important;}&#8221;][vc_column][vc_media_grid element_width=&#8221;3&#8243; gap=&#8221;30&#8243; grid_id=&#8221;vc_gid:1668774367305-8b60798a-a55d-0&#8243; include=&#8221;2836,2835,2879,2834,2833,2832,2831,2830&#8243;][\/vc_column][\/vc_row]<\/p>\n","protected":false},"author":1,"featured_media":0,"parent":0,"menu_order":1,"comment_status":"closed","ping_status":"closed","template":"","meta":{"_acf_changed":false,"footnotes":""},"categories":[],"class_list":["post-2947","page","type-page","status-publish"],"acf":[],"yoast_head":"<!-- This site is optimized with the Yoast SEO plugin v27.6 - https:\/\/yoast.com\/product\/yoast-seo-wordpress\/ -->\n<title>Excerpts from the Guestbook &#183; B\u00f8gebjerg Strand Bed &amp; Breakfast<\/title>\n<meta name=\"robots\" content=\"index, follow, max-snippet:-1, max-image-preview:large, max-video-preview:-1\" \/>\n<link rel=\"canonical\" href=\"https:\/\/boegebjergstrandbedbreakfast.dk\/en\/excerpts-from-the-guestbook\/\" \/>\n<meta property=\"og:locale\" content=\"en_US\" \/>\n<meta property=\"og:type\" content=\"article\" \/>\n<meta property=\"og:title\" content=\"Excerpts from the Guestbook &#183; B\u00f8gebjerg Strand Bed &amp; Breakfast\" \/>\n<meta property=\"og:description\" content=\"[vc_row][vc_column][\/vc_column][\/vc_row][vc_row full_width=&#8221;stretch_row&#8221; css=&#8221;.vc_custom_1626420833490{background-color: #f7f7f7 !important;}&#8221;][vc_column][vc_media_grid element_width=&#8221;3&#8243; gap=&#8221;30&#8243; grid_id=&#8221;vc_gid:1668774367305-8b60798a-a55d-0&#8243; include=&#8221;2836,2835,2879,2834,2833,2832,2831,2830&#8243;][\/vc_column][\/vc_row]\" \/>\n<meta property=\"og:url\" content=\"https:\/\/boegebjergstrandbedbreakfast.dk\/en\/excerpts-from-the-guestbook\/\" \/>\n<meta property=\"og:site_name\" content=\"B\u00f8gebjerg Strand Bed &amp; Breakfast\" \/>\n<meta property=\"article:modified_time\" content=\"2025-03-10T10:09:00+00:00\" \/>\n<meta name=\"twitter:card\" content=\"summary_large_image\" \/>\n<meta name=\"twitter:label1\" content=\"Est. reading time\" \/>\n\t<meta name=\"twitter:data1\" content=\"7 minutes\" \/>\n<script type=\"application\/ld+json\" class=\"yoast-schema-graph\">{\"@context\":\"https:\\\/\\\/schema.org\",\"@graph\":[{\"@type\":\"WebPage\",\"@id\":\"https:\\\/\\\/boegebjergstrandbedbreakfast.dk\\\/en\\\/excerpts-from-the-guestbook\\\/\",\"url\":\"https:\\\/\\\/boegebjergstrandbedbreakfast.dk\\\/en\\\/excerpts-from-the-guestbook\\\/\",\"name\":\"Excerpts from the Guestbook &#183; B\u00f8gebjerg Strand Bed &amp; Breakfast\",\"isPartOf\":{\"@id\":\"https:\\\/\\\/boegebjergstrandbedbreakfast.dk\\\/en\\\/#website\"},\"datePublished\":\"2021-07-16T07:25:32+00:00\",\"dateModified\":\"2025-03-10T10:09:00+00:00\",\"breadcrumb\":{\"@id\":\"https:\\\/\\\/boegebjergstrandbedbreakfast.dk\\\/en\\\/excerpts-from-the-guestbook\\\/#breadcrumb\"},\"inLanguage\":\"en-US\",\"potentialAction\":[{\"@type\":\"ReadAction\",\"target\":[\"https:\\\/\\\/boegebjergstrandbedbreakfast.dk\\\/en\\\/excerpts-from-the-guestbook\\\/\"]}]},{\"@type\":\"BreadcrumbList\",\"@id\":\"https:\\\/\\\/boegebjergstrandbedbreakfast.dk\\\/en\\\/excerpts-from-the-guestbook\\\/#breadcrumb\",\"itemListElement\":[{\"@type\":\"ListItem\",\"position\":1,\"name\":\"Hjem\",\"item\":\"https:\\\/\\\/boegebjergstrandbedbreakfast.dk\\\/en\\\/home-page\\\/\"},{\"@type\":\"ListItem\",\"position\":2,\"name\":\"Excerpts from the Guestbook\"}]},{\"@type\":\"WebSite\",\"@id\":\"https:\\\/\\\/boegebjergstrandbedbreakfast.dk\\\/en\\\/#website\",\"url\":\"https:\\\/\\\/boegebjergstrandbedbreakfast.dk\\\/en\\\/\",\"name\":\"B\u00f8gebjerg Strand Bed &amp; Breakfast\",\"description\":\"B&amp;B n\u00e6r Kerteminde p\u00e5 Fyn\",\"publisher\":{\"@id\":\"https:\\\/\\\/boegebjergstrandbedbreakfast.dk\\\/en\\\/#organization\"},\"potentialAction\":[{\"@type\":\"SearchAction\",\"target\":{\"@type\":\"EntryPoint\",\"urlTemplate\":\"https:\\\/\\\/boegebjergstrandbedbreakfast.dk\\\/en\\\/?s={search_term_string}\"},\"query-input\":{\"@type\":\"PropertyValueSpecification\",\"valueRequired\":true,\"valueName\":\"search_term_string\"}}],\"inLanguage\":\"en-US\"},{\"@type\":\"Organization\",\"@id\":\"https:\\\/\\\/boegebjergstrandbedbreakfast.dk\\\/en\\\/#organization\",\"name\":\"B\u00f8gebjerg Strand Bed &amp; Breakfast\",\"url\":\"https:\\\/\\\/boegebjergstrandbedbreakfast.dk\\\/en\\\/\",\"logo\":{\"@type\":\"ImageObject\",\"inLanguage\":\"en-US\",\"@id\":\"https:\\\/\\\/boegebjergstrandbedbreakfast.dk\\\/en\\\/#\\\/schema\\\/logo\\\/image\\\/\",\"url\":\"https:\\\/\\\/boegebjergstrandbedbreakfast.dk\\\/wp-content\\\/uploads\\\/2021\\\/06\\\/logo.svg\",\"contentUrl\":\"https:\\\/\\\/boegebjergstrandbedbreakfast.dk\\\/wp-content\\\/uploads\\\/2021\\\/06\\\/logo.svg\",\"width\":586,\"height\":93,\"caption\":\"B\u00f8gebjerg Strand Bed &amp; Breakfast\"},\"image\":{\"@id\":\"https:\\\/\\\/boegebjergstrandbedbreakfast.dk\\\/en\\\/#\\\/schema\\\/logo\\\/image\\\/\"}}]}<\/script>\n<!-- \/ Yoast SEO plugin. -->","yoast_head_json":{"title":"Excerpts from the Guestbook &#183; B\u00f8gebjerg Strand Bed &amp; Breakfast","robots":{"index":"index","follow":"follow","max-snippet":"max-snippet:-1","max-image-preview":"max-image-preview:large","max-video-preview":"max-video-preview:-1"},"canonical":"https:\/\/boegebjergstrandbedbreakfast.dk\/en\/excerpts-from-the-guestbook\/","og_locale":"en_US","og_type":"article","og_title":"Excerpts from the Guestbook &#183; B\u00f8gebjerg Strand Bed &amp; Breakfast","og_description":"[vc_row][vc_column][\/vc_column][\/vc_row][vc_row full_width=&#8221;stretch_row&#8221; css=&#8221;.vc_custom_1626420833490{background-color: #f7f7f7 !important;}&#8221;][vc_column][vc_media_grid element_width=&#8221;3&#8243; gap=&#8221;30&#8243; grid_id=&#8221;vc_gid:1668774367305-8b60798a-a55d-0&#8243; include=&#8221;2836,2835,2879,2834,2833,2832,2831,2830&#8243;][\/vc_column][\/vc_row]","og_url":"https:\/\/boegebjergstrandbedbreakfast.dk\/en\/excerpts-from-the-guestbook\/","og_site_name":"B\u00f8gebjerg Strand Bed &amp; Breakfast","article_modified_time":"2025-03-10T10:09:00+00:00","twitter_card":"summary_large_image","twitter_misc":{"Est. reading time":"7 minutes"},"schema":{"@context":"https:\/\/schema.org","@graph":[{"@type":"WebPage","@id":"https:\/\/boegebjergstrandbedbreakfast.dk\/en\/excerpts-from-the-guestbook\/","url":"https:\/\/boegebjergstrandbedbreakfast.dk\/en\/excerpts-from-the-guestbook\/","name":"Excerpts from the Guestbook &#183; B\u00f8gebjerg Strand Bed &amp; Breakfast","isPartOf":{"@id":"https:\/\/boegebjergstrandbedbreakfast.dk\/en\/#website"},"datePublished":"2021-07-16T07:25:32+00:00","dateModified":"2025-03-10T10:09:00+00:00","breadcrumb":{"@id":"https:\/\/boegebjergstrandbedbreakfast.dk\/en\/excerpts-from-the-guestbook\/#breadcrumb"},"inLanguage":"en-US","potentialAction":[{"@type":"ReadAction","target":["https:\/\/boegebjergstrandbedbreakfast.dk\/en\/excerpts-from-the-guestbook\/"]}]},{"@type":"BreadcrumbList","@id":"https:\/\/boegebjergstrandbedbreakfast.dk\/en\/excerpts-from-the-guestbook\/#breadcrumb","itemListElement":[{"@type":"ListItem","position":1,"name":"Hjem","item":"https:\/\/boegebjergstrandbedbreakfast.dk\/en\/home-page\/"},{"@type":"ListItem","position":2,"name":"Excerpts from the Guestbook"}]},{"@type":"WebSite","@id":"https:\/\/boegebjergstrandbedbreakfast.dk\/en\/#website","url":"https:\/\/boegebjergstrandbedbreakfast.dk\/en\/","name":"B\u00f8gebjerg Strand Bed &amp; Breakfast","description":"B&amp;B n\u00e6r Kerteminde p\u00e5 Fyn","publisher":{"@id":"https:\/\/boegebjergstrandbedbreakfast.dk\/en\/#organization"},"potentialAction":[{"@type":"SearchAction","target":{"@type":"EntryPoint","urlTemplate":"https:\/\/boegebjergstrandbedbreakfast.dk\/en\/?s={search_term_string}"},"query-input":{"@type":"PropertyValueSpecification","valueRequired":true,"valueName":"search_term_string"}}],"inLanguage":"en-US"},{"@type":"Organization","@id":"https:\/\/boegebjergstrandbedbreakfast.dk\/en\/#organization","name":"B\u00f8gebjerg Strand Bed &amp; Breakfast","url":"https:\/\/boegebjergstrandbedbreakfast.dk\/en\/","logo":{"@type":"ImageObject","inLanguage":"en-US","@id":"https:\/\/boegebjergstrandbedbreakfast.dk\/en\/#\/schema\/logo\/image\/","url":"https:\/\/boegebjergstrandbedbreakfast.dk\/wp-content\/uploads\/2021\/06\/logo.svg","contentUrl":"https:\/\/boegebjergstrandbedbreakfast.dk\/wp-content\/uploads\/2021\/06\/logo.svg","width":586,"height":93,"caption":"B\u00f8gebjerg Strand Bed &amp; Breakfast"},"image":{"@id":"https:\/\/boegebjergstrandbedbreakfast.dk\/en\/#\/schema\/logo\/image\/"}}]}},"_links":{"self":[{"href":"https:\/\/boegebjergstrandbedbreakfast.dk\/en\/wp-json\/wp\/v2\/pages\/2947","targetHints":{"allow":["GET"]}}],"collection":[{"href":"https:\/\/boegebjergstrandbedbreakfast.dk\/en\/wp-json\/wp\/v2\/pages"}],"about":[{"href":"https:\/\/boegebjergstrandbedbreakfast.dk\/en\/wp-json\/wp\/v2\/types\/page"}],"author":[{"embeddable":true,"href":"https:\/\/boegebjergstrandbedbreakfast.dk\/en\/wp-json\/wp\/v2\/users\/1"}],"replies":[{"embeddable":true,"href":"https:\/\/boegebjergstrandbedbreakfast.dk\/en\/wp-json\/wp\/v2\/comments?post=2947"}],"version-history":[{"count":2,"href":"https:\/\/boegebjergstrandbedbreakfast.dk\/en\/wp-json\/wp\/v2\/pages\/2947\/revisions"}],"predecessor-version":[{"id":2951,"href":"https:\/\/boegebjergstrandbedbreakfast.dk\/en\/wp-json\/wp\/v2\/pages\/2947\/revisions\/2951"}],"wp:attachment":[{"href":"https:\/\/boegebjergstrandbedbreakfast.dk\/en\/wp-json\/wp\/v2\/media?parent=2947"}],"wp:term":[{"taxonomy":"category","embeddable":true,"href":"https:\/\/boegebjergstrandbedbreakfast.dk\/en\/wp-json\/wp\/v2\/categories?post=2947"}],"curies":[{"name":"wp","href":"https:\/\/api.w.org\/{rel}","templated":true}]}}