{"id":2948,"date":"2021-06-10T14:24:28","date_gmt":"2021-06-10T12:24:28","guid":{"rendered":"https:\/\/boegebjergstrandbedbreakfast.dk\/the-area\/"},"modified":"2025-03-10T11:09:00","modified_gmt":"2025-03-10T10:09:00","slug":"the-area","status":"publish","type":"page","link":"https:\/\/boegebjergstrandbedbreakfast.dk\/en\/the-area\/","title":{"rendered":"The area"},"content":{"rendered":"<section class=\"wpb-content-wrapper\"><p>[vc_row full_width=&#8221;stretch_row&#8221;][vc_column width=&#8221;1\/2&#8243;]<div class=\"ult-spacer spacer-6a08f981323bf\" data-id=\"6a08f981323bf\" data-height=\"90\" data-height-mobile=\"60\" data-height-tab=\"90\" data-height-tab-portrait=\"60\" data-height-mobile-landscape=\"60\" style=\"clear:both;display:block;\"><\/div>[vc_column_text]<\/p>\n<h3 style=\"text-align: left;\">What do you want to experience?<\/h3>\n<p><span style=\"font-weight: 400;\">Lovely walks and bike rides in the forest, along fields and beaches on beautiful Hindsholmen.<br \/>\nFurthermore, the best sea trout fishing in the Nordic region with several of Hindsholmen&#8217;s best fishing spots for sea trout within walking distance.<br \/>\n<\/span><span style=\"font-weight: 400;\">Visit the idyllic half-timbered villages of Viby and M\u00e5le (5 minutes away)<br \/>\n<\/span><a href=\"http:\/\/www.xn--rgerihindsholm-qqb.dk\/trattoria\/\" target=\"_blank\" rel=\"noopener\">5 min. R\u00f8geriet Hindsholm (Trattoria and shop) <\/a><br \/>\n<span style=\"font-weight: 400;\">5 min. Fridalund (organic farming with farm shop)<br \/>\n<\/span><a href=\"https:\/\/www.hindsholmgrisen.dk\/\" target=\"_blank\" rel=\"noopener\"><span style=\"font-weight: 400;\">10 min. HindholmGrisen (organic farming with farm shop) <\/span><\/a><br \/>\n<a href=\"https:\/\/johanneslarsenmuseet.dk\/\" target=\"_blank\" rel=\"noopener\">15 min. Johannes Larsen Museum <\/a><br \/>\n<a href=\"https:\/\/greatnorthern.dk\/\" target=\"_blank\" rel=\"noopener\">15 min. Great Northern spa and golf <\/a><br \/>\n<a href=\"https:\/\/www.visitkerteminde.dk\/kerteminde\/aktiviteter\/shopping-i-kerteminde-haven-ved-havet\" target=\"_blank\" rel=\"noopener\">15 min. Shopping in Kerteminde <\/a><br \/>\n<a href=\"https:\/\/rudolf-mathis.dk\/\" target=\"_blank\" rel=\"noopener\">15 min. Rudolf Mathis fish restaurant <\/a><br \/>\n<a href=\"https:\/\/fjordbaelt.dk\/\" target=\"_blank\" rel=\"noopener\">15 min. Fjord and Belt (for children) <\/a><br \/>\n<a href=\"https:\/\/naturstyrelsen.dk\/naturoplevelser\/naturguider\/fyns-hoved\/\" target=\"_blank\" rel=\"noopener\">15 min. Fyns Hoved (unique nature)<\/a><br \/>\n<a href=\"https:\/\/hcandersenshus.dk\/en\/\" target=\"_blank\" rel=\"noopener\">30 min. Hans Christian Andersen house in Odense<\/a><br \/>\n<a href=\"https:\/\/nyborgslot.dk\/nyborg-slots-historie\/\" target=\"_blank\" rel=\"noopener\">30 min. Nyborg Castle from the 13th century<\/a><\/p>\n<p>Many other options &#8211; I&#8217;m happy to guide you.<\/p>\n<h3>Sea trout paradise<\/h3>\n<div>\n<p>The sea trout fishing on Hindsholmen along the beautiful shores is fantastic. Fishing can be good all year round, but with spring and fall being the best times when the fishing is on par with the best places in the world.<\/p>\n<ul>\n<li>In the TOP 10 Sea Trout destinations in Denmark<\/li>\n<li>Recommended and certified by Sea Trout Guide Fyn and Fisk &amp; Fri<\/li>\n<li>Featured in national, local and international fishing magazines and media<\/li>\n<li>Our visiting anglers come from far and wide to visit this &#8220;secret&#8221; gem<\/li>\n<li>Guide &#8211; selected for the book Hav\u00f8rred-Guide Fyn &#8211; 117 Fine Funen Fishing Places<\/li>\n<li>Partner at Hav\u00f8rred Fyn which is part of Destination Fyn<\/li>\n<\/ul>\n<h3>Facilities<\/h3>\n<p>We have all the necessary facilities for anglers. We offer racks for drying waders, freezing fish, outdoor cleaning tables, meals and packed lunches to fit the rhythm of your fishing. Your fishing gear can be stored with a code lock in the outbuilding.<\/p>\n<p>If you are lucky enough to catch a nice fish, you can always ask Helle if the fish can be cooked that evening or the next day.<\/p>\n<h3>Facilitate contact with some of the best fishing guides in the country<\/h3>\n<p>We can facilitate contact with some of the country&#8217;s best fishing guides who can help you have a great fishing experience at Hindsholmen or on Funen in general. If you are new to the coast, you can book a stay here at B\u00f8gebjerg Strand Bed &amp; Breakfast and book a fishing guide who can show you the best fishing spots, but also give you tips on casting technique, end tackle, how to read the coast, weather conditions and much more.<\/p>\n<p>If you&#8217;re more experienced, the guide can help you find the best fishing spots and take you around the island to hopefully land one of the beautiful sea trout found in the waters around Hindsholmen.<\/p>\n<p>See also <a href=\"https:\/\/seatrout.dk\/havoerred-fyn-guideservice\/#panel-2800-6-0-0\" target=\"_blank\" rel=\"noopener\" data-saferedirecturl=\"https:\/\/www.google.com\/url?q=https:\/\/seatrout.dk\/havoerred-fyn-guideservice\/%23panel-2800-6-0-0&amp;source=gmail&amp;ust=1668857084105000&amp;usg=AOvVaw23qVN-5eyZwBo3inK_DAn8\">Sea Trout Funen Guide Service<\/a><\/p>\n<\/div>\n<p>[\/vc_column_text]<div class=\"ult-spacer spacer-6a08f98132405\" data-id=\"6a08f98132405\" data-height=\"90\" data-height-mobile=\"60\" data-height-tab=\"90\" data-height-tab-portrait=\"60\" data-height-mobile-landscape=\"60\" style=\"clear:both;display:block;\"><\/div>[\/vc_column][vc_column width=&#8221;1\/2&#8243;]<div class=\"ult-spacer spacer-6a08f98132436\" data-id=\"6a08f98132436\" data-height=\"90\" data-height-mobile=\"60\" data-height-tab=\"90\" data-height-tab-portrait=\"60\" data-height-mobile-landscape=\"60\" style=\"clear:both;display:block;\"><\/div>[vc_single_image image=&#8221;2932&#8243; img_size=&#8221;medium&#8221; style=&#8221;vc_box_rounded&#8221;]<div class=\"ult-spacer spacer-6a08f98132458\" data-id=\"6a08f98132458\" data-height=\"90\" data-height-mobile=\"60\" data-height-tab=\"90\" data-height-tab-portrait=\"60\" data-height-mobile-landscape=\"60\" style=\"clear:both;display:block;\"><\/div>[\/vc_column][\/vc_row][vc_row full_width=&#8221;stretch_row_content_no_spaces&#8221;][vc_column][vc_media_grid element_width=&#8221;2&#8243; gap=&#8221;0&#8243; grid_id=&#8221;vc_gid:1671698322691-cc82282c-67e6-8&#8243; include=&#8221;2772,2773,2793,2916,2775,2774&#8243;][\/vc_column][\/vc_row]<\/p>\n<\/section>","protected":false},"excerpt":{"rendered":"<p>[vc_row full_width=&#8221;stretch_row&#8221;][vc_column width=&#8221;1\/2&#8243;][vc_column_text] What do you want to experience? Lovely walks and bike rides in the forest, along fields and beaches on beautiful Hindsholmen. Furthermore, the best sea trout fishing in the Nordic region with several of Hindsholmen&#8217;s best fishing spots for sea trout within walking distance. Visit the idyllic half-timbered villages of Viby and &#8230; <a title=\"The area\" class=\"read-more\" href=\"https:\/\/boegebjergstrandbedbreakfast.dk\/en\/the-area\/\" aria-label=\"More on The area\">Read more<\/a><\/p>\n","protected":false},"author":1,"featured_media":0,"parent":0,"menu_order":3,"comment_status":"closed","ping_status":"closed","template":"","meta":{"_acf_changed":false,"footnotes":""},"categories":[],"class_list":["post-2948","page","type-page","status-publish"],"acf":[],"yoast_head":"<!-- This site is optimized with the Yoast SEO plugin v27.6 - https:\/\/yoast.com\/product\/yoast-seo-wordpress\/ -->\n<title>The area &#183; B\u00f8gebjerg Strand Bed &amp; Breakfast<\/title>\n<meta name=\"robots\" content=\"index, follow, max-snippet:-1, max-image-preview:large, max-video-preview:-1\" \/>\n<link rel=\"canonical\" href=\"https:\/\/boegebjergstrandbedbreakfast.dk\/en\/the-area\/\" \/>\n<meta property=\"og:locale\" content=\"en_US\" \/>\n<meta property=\"og:type\" content=\"article\" \/>\n<meta property=\"og:title\" content=\"The area &#183; B\u00f8gebjerg Strand Bed &amp; Breakfast\" \/>\n<meta property=\"og:description\" content=\"[vc_row full_width=&#8221;stretch_row&#8221;][vc_column width=&#8221;1\/2&#8243;][vc_column_text] What do you want to experience? Lovely walks and bike rides in the forest, along fields and beaches on beautiful Hindsholmen. Furthermore, the best sea trout fishing in the Nordic region with several of Hindsholmen&#8217;s best fishing spots for sea trout within walking distance. Visit the idyllic half-timbered villages of Viby and ... Read more\" \/>\n<meta property=\"og:url\" content=\"https:\/\/boegebjergstrandbedbreakfast.dk\/en\/the-area\/\" \/>\n<meta property=\"og:site_name\" content=\"B\u00f8gebjerg Strand Bed &amp; Breakfast\" \/>\n<meta property=\"article:modified_time\" content=\"2025-03-10T10:09:00+00:00\" \/>\n<meta name=\"twitter:card\" content=\"summary_large_image\" \/>\n<meta name=\"twitter:label1\" content=\"Est. reading time\" \/>\n\t<meta name=\"twitter:data1\" content=\"3 minutes\" \/>\n<script type=\"application\/ld+json\" class=\"yoast-schema-graph\">{\"@context\":\"https:\\\/\\\/schema.org\",\"@graph\":[{\"@type\":\"WebPage\",\"@id\":\"https:\\\/\\\/boegebjergstrandbedbreakfast.dk\\\/en\\\/the-area\\\/\",\"url\":\"https:\\\/\\\/boegebjergstrandbedbreakfast.dk\\\/en\\\/the-area\\\/\",\"name\":\"The area &#183; B\u00f8gebjerg Strand Bed &amp; Breakfast\",\"isPartOf\":{\"@id\":\"https:\\\/\\\/boegebjergstrandbedbreakfast.dk\\\/en\\\/#website\"},\"datePublished\":\"2021-06-10T12:24:28+00:00\",\"dateModified\":\"2025-03-10T10:09:00+00:00\",\"breadcrumb\":{\"@id\":\"https:\\\/\\\/boegebjergstrandbedbreakfast.dk\\\/en\\\/the-area\\\/#breadcrumb\"},\"inLanguage\":\"en-US\",\"potentialAction\":[{\"@type\":\"ReadAction\",\"target\":[\"https:\\\/\\\/boegebjergstrandbedbreakfast.dk\\\/en\\\/the-area\\\/\"]}]},{\"@type\":\"BreadcrumbList\",\"@id\":\"https:\\\/\\\/boegebjergstrandbedbreakfast.dk\\\/en\\\/the-area\\\/#breadcrumb\",\"itemListElement\":[{\"@type\":\"ListItem\",\"position\":1,\"name\":\"Hjem\",\"item\":\"https:\\\/\\\/boegebjergstrandbedbreakfast.dk\\\/en\\\/home-page\\\/\"},{\"@type\":\"ListItem\",\"position\":2,\"name\":\"The area\"}]},{\"@type\":\"WebSite\",\"@id\":\"https:\\\/\\\/boegebjergstrandbedbreakfast.dk\\\/en\\\/#website\",\"url\":\"https:\\\/\\\/boegebjergstrandbedbreakfast.dk\\\/en\\\/\",\"name\":\"B\u00f8gebjerg Strand Bed &amp; Breakfast\",\"description\":\"B&amp;B n\u00e6r Kerteminde p\u00e5 Fyn\",\"publisher\":{\"@id\":\"https:\\\/\\\/boegebjergstrandbedbreakfast.dk\\\/en\\\/#organization\"},\"potentialAction\":[{\"@type\":\"SearchAction\",\"target\":{\"@type\":\"EntryPoint\",\"urlTemplate\":\"https:\\\/\\\/boegebjergstrandbedbreakfast.dk\\\/en\\\/?s={search_term_string}\"},\"query-input\":{\"@type\":\"PropertyValueSpecification\",\"valueRequired\":true,\"valueName\":\"search_term_string\"}}],\"inLanguage\":\"en-US\"},{\"@type\":\"Organization\",\"@id\":\"https:\\\/\\\/boegebjergstrandbedbreakfast.dk\\\/en\\\/#organization\",\"name\":\"B\u00f8gebjerg Strand Bed &amp; Breakfast\",\"url\":\"https:\\\/\\\/boegebjergstrandbedbreakfast.dk\\\/en\\\/\",\"logo\":{\"@type\":\"ImageObject\",\"inLanguage\":\"en-US\",\"@id\":\"https:\\\/\\\/boegebjergstrandbedbreakfast.dk\\\/en\\\/#\\\/schema\\\/logo\\\/image\\\/\",\"url\":\"https:\\\/\\\/boegebjergstrandbedbreakfast.dk\\\/wp-content\\\/uploads\\\/2021\\\/06\\\/logo.svg\",\"contentUrl\":\"https:\\\/\\\/boegebjergstrandbedbreakfast.dk\\\/wp-content\\\/uploads\\\/2021\\\/06\\\/logo.svg\",\"width\":586,\"height\":93,\"caption\":\"B\u00f8gebjerg Strand Bed &amp; Breakfast\"},\"image\":{\"@id\":\"https:\\\/\\\/boegebjergstrandbedbreakfast.dk\\\/en\\\/#\\\/schema\\\/logo\\\/image\\\/\"}}]}<\/script>\n<!-- \/ Yoast SEO plugin. -->","yoast_head_json":{"title":"The area &#183; B\u00f8gebjerg Strand Bed &amp; Breakfast","robots":{"index":"index","follow":"follow","max-snippet":"max-snippet:-1","max-image-preview":"max-image-preview:large","max-video-preview":"max-video-preview:-1"},"canonical":"https:\/\/boegebjergstrandbedbreakfast.dk\/en\/the-area\/","og_locale":"en_US","og_type":"article","og_title":"The area &#183; B\u00f8gebjerg Strand Bed &amp; Breakfast","og_description":"[vc_row full_width=&#8221;stretch_row&#8221;][vc_column width=&#8221;1\/2&#8243;][vc_column_text] What do you want to experience? Lovely walks and bike rides in the forest, along fields and beaches on beautiful Hindsholmen. Furthermore, the best sea trout fishing in the Nordic region with several of Hindsholmen&#8217;s best fishing spots for sea trout within walking distance. Visit the idyllic half-timbered villages of Viby and ... Read more","og_url":"https:\/\/boegebjergstrandbedbreakfast.dk\/en\/the-area\/","og_site_name":"B\u00f8gebjerg Strand Bed &amp; Breakfast","article_modified_time":"2025-03-10T10:09:00+00:00","twitter_card":"summary_large_image","twitter_misc":{"Est. reading time":"3 minutes"},"schema":{"@context":"https:\/\/schema.org","@graph":[{"@type":"WebPage","@id":"https:\/\/boegebjergstrandbedbreakfast.dk\/en\/the-area\/","url":"https:\/\/boegebjergstrandbedbreakfast.dk\/en\/the-area\/","name":"The area &#183; B\u00f8gebjerg Strand Bed &amp; Breakfast","isPartOf":{"@id":"https:\/\/boegebjergstrandbedbreakfast.dk\/en\/#website"},"datePublished":"2021-06-10T12:24:28+00:00","dateModified":"2025-03-10T10:09:00+00:00","breadcrumb":{"@id":"https:\/\/boegebjergstrandbedbreakfast.dk\/en\/the-area\/#breadcrumb"},"inLanguage":"en-US","potentialAction":[{"@type":"ReadAction","target":["https:\/\/boegebjergstrandbedbreakfast.dk\/en\/the-area\/"]}]},{"@type":"BreadcrumbList","@id":"https:\/\/boegebjergstrandbedbreakfast.dk\/en\/the-area\/#breadcrumb","itemListElement":[{"@type":"ListItem","position":1,"name":"Hjem","item":"https:\/\/boegebjergstrandbedbreakfast.dk\/en\/home-page\/"},{"@type":"ListItem","position":2,"name":"The area"}]},{"@type":"WebSite","@id":"https:\/\/boegebjergstrandbedbreakfast.dk\/en\/#website","url":"https:\/\/boegebjergstrandbedbreakfast.dk\/en\/","name":"B\u00f8gebjerg Strand Bed &amp; Breakfast","description":"B&amp;B n\u00e6r Kerteminde p\u00e5 Fyn","publisher":{"@id":"https:\/\/boegebjergstrandbedbreakfast.dk\/en\/#organization"},"potentialAction":[{"@type":"SearchAction","target":{"@type":"EntryPoint","urlTemplate":"https:\/\/boegebjergstrandbedbreakfast.dk\/en\/?s={search_term_string}"},"query-input":{"@type":"PropertyValueSpecification","valueRequired":true,"valueName":"search_term_string"}}],"inLanguage":"en-US"},{"@type":"Organization","@id":"https:\/\/boegebjergstrandbedbreakfast.dk\/en\/#organization","name":"B\u00f8gebjerg Strand Bed &amp; Breakfast","url":"https:\/\/boegebjergstrandbedbreakfast.dk\/en\/","logo":{"@type":"ImageObject","inLanguage":"en-US","@id":"https:\/\/boegebjergstrandbedbreakfast.dk\/en\/#\/schema\/logo\/image\/","url":"https:\/\/boegebjergstrandbedbreakfast.dk\/wp-content\/uploads\/2021\/06\/logo.svg","contentUrl":"https:\/\/boegebjergstrandbedbreakfast.dk\/wp-content\/uploads\/2021\/06\/logo.svg","width":586,"height":93,"caption":"B\u00f8gebjerg Strand Bed &amp; Breakfast"},"image":{"@id":"https:\/\/boegebjergstrandbedbreakfast.dk\/en\/#\/schema\/logo\/image\/"}}]}},"_links":{"self":[{"href":"https:\/\/boegebjergstrandbedbreakfast.dk\/en\/wp-json\/wp\/v2\/pages\/2948","targetHints":{"allow":["GET"]}}],"collection":[{"href":"https:\/\/boegebjergstrandbedbreakfast.dk\/en\/wp-json\/wp\/v2\/pages"}],"about":[{"href":"https:\/\/boegebjergstrandbedbreakfast.dk\/en\/wp-json\/wp\/v2\/types\/page"}],"author":[{"embeddable":true,"href":"https:\/\/boegebjergstrandbedbreakfast.dk\/en\/wp-json\/wp\/v2\/users\/1"}],"replies":[{"embeddable":true,"href":"https:\/\/boegebjergstrandbedbreakfast.dk\/en\/wp-json\/wp\/v2\/comments?post=2948"}],"version-history":[{"count":2,"href":"https:\/\/boegebjergstrandbedbreakfast.dk\/en\/wp-json\/wp\/v2\/pages\/2948\/revisions"}],"predecessor-version":[{"id":2952,"href":"https:\/\/boegebjergstrandbedbreakfast.dk\/en\/wp-json\/wp\/v2\/pages\/2948\/revisions\/2952"}],"wp:attachment":[{"href":"https:\/\/boegebjergstrandbedbreakfast.dk\/en\/wp-json\/wp\/v2\/media?parent=2948"}],"wp:term":[{"taxonomy":"category","embeddable":true,"href":"https:\/\/boegebjergstrandbedbreakfast.dk\/en\/wp-json\/wp\/v2\/categories?post=2948"}],"curies":[{"name":"wp","href":"https:\/\/api.w.org\/{rel}","templated":true}]}}